{"id":664,"date":"2025-06-16T16:26:27","date_gmt":"2025-06-16T19:26:27","guid":{"rendered":"https:\/\/dsalt.ciencias.ubiobio.cl\/?page_id=664"},"modified":"2025-06-17T17:10:49","modified_gmt":"2025-06-17T20:10:49","slug":"msolano-2","status":"publish","type":"page","link":"https:\/\/dsalt.ciencias.ubiobio.cl\/index.php\/msolano-2\/","title":{"rendered":"msolano"},"content":{"rendered":"\t\t<div data-elementor-type=\"wp-page\" data-elementor-id=\"664\" class=\"elementor elementor-664\">\n\t\t\t\t<div class=\"elementor-element elementor-element-0bf41d1 e-flex e-con-boxed e-con e-parent\" data-id=\"0bf41d1\" data-element_type=\"container\">\n\t\t\t\t\t<div class=\"e-con-inner\">\n\t\t<div class=\"elementor-element elementor-element-482f327 e-con-full e-flex e-con e-child\" data-id=\"482f327\" data-element_type=\"container\">\n\t\t\t\t<div class=\"elementor-element elementor-element-e3bcb69 eael-team-align-eael-team-align-default elementor-widget elementor-widget-eael-team-member\" data-id=\"e3bcb69\" data-element_type=\"widget\" data-widget_type=\"eael-team-member.default\">\n\t\t\t\t<div class=\"elementor-widget-container\">\n\t\t\t\t\t\n\n\t<div id=\"eael-team-member-e3bcb69\" class=\"eael-team-item eael-team-members-simple \">\n\t\t<div class=\"eael-team-item-inner\">\n\t\t\t<div class=\"eael-team-image\">\n\t\t\t\t<figure>\n\t\t\t\t\t\t\t\t\t\t<img decoding=\"async\" src=\"https:\/\/dsalt.ciencias.ubiobio.cl\/wp-content\/uploads\/2025\/06\/msolano.jpg\" alt=\"\">\n\t\t\t\t\t\t\t\t\t<\/figure>\n\t\t\t\t\n\t\t\t\t\n\t\t\t<\/div>\n\n\t\t\t<div class=\"eael-team-content\">\n\t\t\t\t<h2 class=\"eael-team-member-name\">Dr. Manuel Solano P.<\/h2><h3 class=\"eael-team-member-position\">Investigador<\/h3>\n\t\t\t\t\t\t\t\t\t\t\t\t\t\t<p class=\"eael-team-text\">Departamento de Ingenier\u00eda Matem\u00e1tica Facultad de Ciencias F\u00edsicas y Matem\u00e1ticas Universidad de Concepci\u00f3n<\/p>\n\t\t\t\t\t\t\t<\/div>\n\t\t<\/div>\n\t<\/div>\n\t\t\t\t\t<\/div>\n\t\t\t\t<\/div>\n\t\t\t\t<\/div>\n\t\t<div class=\"elementor-element elementor-element-81e7b18 e-con-full e-flex e-con e-child\" data-id=\"81e7b18\" data-element_type=\"container\">\n\t\t<div class=\"elementor-element elementor-element-7552297 e-con-full e-flex e-con e-child\" data-id=\"7552297\" data-element_type=\"container\">\n\t\t\t\t<div class=\"elementor-element elementor-element-216bc18 elementor-widget elementor-widget-text-editor\" data-id=\"216bc18\" data-element_type=\"widget\" data-widget_type=\"text-editor.default\">\n\t\t\t\t<div class=\"elementor-widget-container\">\n\t\t\t\t\t\t\t\t\t<p><em><strong>&#8220;Las ecuaciones que modelan los procesos de desalinizaci\u00f3n son altamente no lineales y las condiciones de frontera no son sencillas de trabajar. Nuestro desaf\u00edo es desarrollar estudiar m\u00e9todos de elementos finitos para aproximar la soluci\u00f3n de estas ecuaciones, establecer los fundamentos te\u00f3ricos que garantizan solubilidad y convergencia, con el fin de realizar simulaciones computacionales de procesos de desalinizaci\u00f3n.&#8221; <\/strong><\/em><\/p>\t\t\t\t\t\t\t\t<\/div>\n\t\t\t\t<\/div>\n\t\t\t\t<\/div>\n\t\t\t\t<div class=\"elementor-element elementor-element-615652c elementor-widget-divider--view-line elementor-widget elementor-widget-divider\" data-id=\"615652c\" data-element_type=\"widget\" data-widget_type=\"divider.default\">\n\t\t\t\t<div class=\"elementor-widget-container\">\n\t\t\t\t\t\t\t<div class=\"elementor-divider\">\n\t\t\t<span class=\"elementor-divider-separator\">\n\t\t\t\t\t\t<\/span>\n\t\t<\/div>\n\t\t\t\t\t\t<\/div>\n\t\t\t\t<\/div>\n\t\t<div class=\"elementor-element elementor-element-c9a1b87 e-con-full e-flex e-con e-child\" data-id=\"c9a1b87\" data-element_type=\"container\">\n\t\t\t\t<div class=\"elementor-element elementor-element-74675e5 elementor-widget elementor-widget-text-editor\" data-id=\"74675e5\" data-element_type=\"widget\" data-widget_type=\"text-editor.default\">\n\t\t\t\t<div class=\"elementor-widget-container\">\n\t\t\t\t\t\t\t\t\t<p>El An\u00e1lisis Num\u00e9rico, la Computaci\u00f3n Cient\u00edfica y los M\u00e9todos de Elementos Finitos son algunos de los intereses de investigaci\u00f3n del Prof. Solano, acad\u00e9mico de la Universidad de Concepci\u00f3n, UdeC, donde integra el Centro de Investigaci\u00f3n en Ingenier\u00eda Matem\u00e1tica, CI\u00b2MA Obtuvo su t\u00edtulo profesional en 2007 en la UdeC y luego se traslad\u00f3 a Estados Unidos para obtener su grado de Doctor en la University of Minnesota para, m\u00e1s tarde desempe\u00f1arse en una plaza de postdoctorado en la University of Delaware, tras lo cual regres\u00f3 a la UdeC para integrarse al Departamento de Ingenier\u00eda Matem\u00e1tica, donde actualmente es Profesor Asociado .<\/p>\n<h5>Contacto<\/h5>\n<p><a href=\"mailto:msolano@ing-mat.udec.cl ?Subject=Mensaje%20desde%20Web%20dsalt.cl\" target=\"new\"><i class=\"fa fa-envelope-o\" aria-hidden=\"true\"><\/i>&nbsp;msolano@ing-mat.udec.cl<\/a><br><a href=\"https:\/\/orcid.org\/0000-0001-8589-3685\" target=\"new\"><i class=\"fa fa-globe\" aria-hidden=\"true\"><\/i>&nbsp;OrcID<\/a><br><a href=\"https:\/\/www.scopus.com\/authid\/detail.uri?authorId=55226103700\" target=\"new\"><i class=\"fa fa-globe\" aria-hidden=\"true\"><\/i>&nbsp;Scopus<\/a><br><a href=\"https:\/\/www.ing-mat.udec.cl\/~msolano\/index.html\" target=\"new\"><i class=\"fa fa-globe\" aria-hidden=\"true\"><\/i>&nbsp;Sitio Web<\/a><br><a href=\"https:\/\/scholar.google.cl\/citations?user=NX5yi50AAAAJ&amp;hl=en\" target=\"new\"><i class=\"fa fa-globe\" aria-hidden=\"true\"><\/i>&nbsp;Google Scholar<\/a><br><a href=\"https:\/\/www.scopus.com\/authid\/detail.uri?authorId=55226103700\" target=\"new\"><i class=\"fa fa-globe\" aria-hidden=\"true\"><\/i>&nbsp;Researchgate<\/a><\/p>\t\t\t\t\t\t\t\t<\/div>\n\t\t\t\t<\/div>\n\t\t\t\t<\/div>\n\t\t\t\t<\/div>\n\t\t\t\t\t<\/div>\n\t\t\t\t<\/div>\n\t\t<div class=\"elementor-element elementor-element-08ba307 e-flex e-con-boxed e-con e-parent\" data-id=\"08ba307\" data-element_type=\"container\">\n\t\t\t\t\t<div class=\"e-con-inner\">\n\t\t\t\t<div class=\"elementor-element elementor-element-9f75859 elementor-widget-divider--view-line elementor-widget elementor-widget-divider\" data-id=\"9f75859\" data-element_type=\"widget\" data-widget_type=\"divider.default\">\n\t\t\t\t<div class=\"elementor-widget-container\">\n\t\t\t\t\t\t\t<div class=\"elementor-divider\">\n\t\t\t<span class=\"elementor-divider-separator\">\n\t\t\t\t\t\t<\/span>\n\t\t<\/div>\n\t\t\t\t\t\t<\/div>\n\t\t\t\t<\/div>\n\t\t\t\t\t<\/div>\n\t\t\t\t<\/div>\n\t\t<div class=\"elementor-element elementor-element-1cc85ed e-flex e-con-boxed e-con e-parent\" data-id=\"1cc85ed\" data-element_type=\"container\">\n\t\t\t\t\t<div class=\"e-con-inner\">\n\t\t<div class=\"elementor-element elementor-element-eaf6ac3 e-grid e-con-full e-con e-child\" data-id=\"eaf6ac3\" data-element_type=\"container\">\n\t\t\t\t<div class=\"elementor-element elementor-element-fc9b680 elementor-widget elementor-widget-text-editor\" data-id=\"fc9b680\" data-element_type=\"widget\" data-widget_type=\"text-editor.default\">\n\t\t\t\t<div class=\"elementor-widget-container\">\n\t\t\t\t\t\t\t\t\t<h5>Grados Acad\u00e9micos<\/h5><p>\u00b7 Ingeniero Matem\u00e1tico, Universidad de Concepci\u00f3n, Chile, 2007<\/p><p>\u00b7 Dr. en Computaci\u00f3n Cient\u00edfica con menci\u00f3n en Matem\u00e1tica, University of Minnesota, EE.UU., 2011<\/p><p>\u00b7 Doctor en Ciencias Aplicadas con menci\u00f3n en Ingenier\u00eda Matem\u00e1tica, Universidad de Concepci\u00f3n, 2011<\/p>\t\t\t\t\t\t\t\t<\/div>\n\t\t\t\t<\/div>\n\t\t\t\t<div class=\"elementor-element elementor-element-8826eae elementor-widget elementor-widget-text-editor\" data-id=\"8826eae\" data-element_type=\"widget\" data-widget_type=\"text-editor.default\">\n\t\t\t\t<div class=\"elementor-widget-container\">\n\t\t\t\t\t\t\t\t\t<h5>Posiciones<\/h5><p>\u00b7 Profesor Asociado &#8211; Departamento de Ingenier\u00eda Matem\u00e1tica, Universidad de Concepci\u00f3n, Chile &#8211; 2019 a la fecha<\/p><p>\u00b7 Profesor Asistente &#8211; Departamento de Ingenier\u00eda Matem\u00e1tica, Universidad de Concepci\u00f3n, Chile &#8211; 2013 a 2018<\/p><p>\u00b7 Investigador postdoctoral, Departamento de Ciencias Matem\u00e1ticas, University of Delaware, EE.UU., 2012-2013<\/p><p>\u00b7 Investigador asociado del Centro de Investigaci\u00f3n en Ingenier\u00eda Matem\u00e1tica, CI\u00b2MA, de la Universidad de Concepci\u00f3n &#8211; octubre 2013 a la fecha<\/p><p>\u00b7 Investigador asociado del Centro de Modelamiento Matem\u00e1tico, CMM, de la Universidad de Chile &#8211; octubre 2013 a la fecha<\/p>\t\t\t\t\t\t\t\t<\/div>\n\t\t\t\t<\/div>\n\t\t\t\t<\/div>\n\t\t\t\t\t<\/div>\n\t\t\t\t<\/div>\n\t\t<div class=\"elementor-element elementor-element-0895717 e-flex e-con-boxed e-con e-parent\" data-id=\"0895717\" data-element_type=\"container\">\n\t\t\t\t\t<div class=\"e-con-inner\">\n\t\t\t\t<div class=\"elementor-element elementor-element-e3ff748 elementor-widget-divider--view-line elementor-widget elementor-widget-divider\" data-id=\"e3ff748\" data-element_type=\"widget\" data-widget_type=\"divider.default\">\n\t\t\t\t<div class=\"elementor-widget-container\">\n\t\t\t\t\t\t\t<div class=\"elementor-divider\">\n\t\t\t<span class=\"elementor-divider-separator\">\n\t\t\t\t\t\t<\/span>\n\t\t<\/div>\n\t\t\t\t\t\t<\/div>\n\t\t\t\t<\/div>\n\t\t\t\t\t<\/div>\n\t\t\t\t<\/div>\n\t\t\t\t<\/div>\n\t\t","protected":false},"excerpt":{"rendered":"<p>Dr. Manuel Solano P. Investigador Departamento de Ingenier\u00eda Matem\u00e1tica Facultad de Ciencias F\u00edsicas y Matem\u00e1ticas Universidad de Concepci\u00f3n &#8220;Las ecuaciones [&hellip;]<\/p>\n","protected":false},"author":1,"featured_media":0,"parent":0,"menu_order":0,"comment_status":"closed","ping_status":"closed","template":"","meta":{"_eb_attr":"","_uag_custom_page_level_css":"","site-sidebar-layout":"no-sidebar","site-content-layout":"","ast-site-content-layout":"full-width-container","site-content-style":"default","site-sidebar-style":"default","ast-global-header-display":"","ast-banner-title-visibility":"","ast-main-header-display":"","ast-hfb-above-header-display":"","ast-hfb-below-header-display":"","ast-hfb-mobile-header-display":"","site-post-title":"disabled","ast-breadcrumbs-content":"","ast-featured-img":"disabled","footer-sml-layout":"","theme-transparent-header-meta":"","adv-header-id-meta":"","stick-header-meta":"","header-above-stick-meta":"","header-main-stick-meta":"","header-below-stick-meta":"","astra-migrate-meta-layouts":"default","ast-page-background-enabled":"default","ast-page-background-meta":{"desktop":{"background-color":"var(--ast-global-color-5)","background-image":"","background-repeat":"repeat","background-position":"center center","background-size":"auto","background-attachment":"scroll","background-type":"","background-media":"","overlay-type":"","overlay-color":"","overlay-opacity":"","overlay-gradient":""},"tablet":{"background-color":"","background-image":"","background-repeat":"repeat","background-position":"center center","background-size":"auto","background-attachment":"scroll","background-type":"","background-media":"","overlay-type":"","overlay-color":"","overlay-opacity":"","overlay-gradient":""},"mobile":{"background-color":"","background-image":"","background-repeat":"repeat","background-position":"center center","background-size":"auto","background-attachment":"scroll","background-type":"","background-media":"","overlay-type":"","overlay-color":"","overlay-opacity":"","overlay-gradient":""}},"ast-content-background-meta":{"desktop":{"background-color":"var(--ast-global-color-4)","background-image":"","background-repeat":"repeat","background-position":"center center","background-size":"auto","background-attachment":"scroll","background-type":"","background-media":"","overlay-type":"","overlay-color":"","overlay-opacity":"","overlay-gradient":""},"tablet":{"background-color":"var(--ast-global-color-4)","background-image":"","background-repeat":"repeat","background-position":"center center","background-size":"auto","background-attachment":"scroll","background-type":"","background-media":"","overlay-type":"","overlay-color":"","overlay-opacity":"","overlay-gradient":""},"mobile":{"background-color":"var(--ast-global-color-4)","background-image":"","background-repeat":"repeat","background-position":"center center","background-size":"auto","background-attachment":"scroll","background-type":"","background-media":"","overlay-type":"","overlay-color":"","overlay-opacity":"","overlay-gradient":""}},"footnotes":""},"class_list":["post-664","page","type-page","status-publish","hentry"],"uagb_featured_image_src":{"full":false,"thumbnail":false,"medium":false,"medium_large":false,"large":false,"1536x1536":false,"2048x2048":false},"uagb_author_info":{"display_name":"dsalt","author_link":"https:\/\/dsalt.ciencias.ubiobio.cl\/index.php\/author\/dsalt\/"},"uagb_comment_info":0,"uagb_excerpt":"Dr. Manuel Solano P. Investigador Departamento de Ingenier\u00eda Matem\u00e1tica Facultad de Ciencias F\u00edsicas y Matem\u00e1ticas Universidad de Concepci\u00f3n &#8220;Las ecuaciones [&hellip;]","_links":{"self":[{"href":"https:\/\/dsalt.ciencias.ubiobio.cl\/index.php\/wp-json\/wp\/v2\/pages\/664","targetHints":{"allow":["GET"]}}],"collection":[{"href":"https:\/\/dsalt.ciencias.ubiobio.cl\/index.php\/wp-json\/wp\/v2\/pages"}],"about":[{"href":"https:\/\/dsalt.ciencias.ubiobio.cl\/index.php\/wp-json\/wp\/v2\/types\/page"}],"author":[{"embeddable":true,"href":"https:\/\/dsalt.ciencias.ubiobio.cl\/index.php\/wp-json\/wp\/v2\/users\/1"}],"replies":[{"embeddable":true,"href":"https:\/\/dsalt.ciencias.ubiobio.cl\/index.php\/wp-json\/wp\/v2\/comments?post=664"}],"version-history":[{"count":8,"href":"https:\/\/dsalt.ciencias.ubiobio.cl\/index.php\/wp-json\/wp\/v2\/pages\/664\/revisions"}],"predecessor-version":[{"id":743,"href":"https:\/\/dsalt.ciencias.ubiobio.cl\/index.php\/wp-json\/wp\/v2\/pages\/664\/revisions\/743"}],"wp:attachment":[{"href":"https:\/\/dsalt.ciencias.ubiobio.cl\/index.php\/wp-json\/wp\/v2\/media?parent=664"}],"curies":[{"name":"wp","href":"https:\/\/api.w.org\/{rel}","templated":true}]}}