{"id":662,"date":"2025-06-16T17:16:41","date_gmt":"2025-06-16T20:16:41","guid":{"rendered":"https:\/\/dsalt.ciencias.ubiobio.cl\/?page_id=662"},"modified":"2025-06-16T17:22:49","modified_gmt":"2025-06-16T20:22:49","slug":"ggatica-2","status":"publish","type":"page","link":"https:\/\/dsalt.ciencias.ubiobio.cl\/index.php\/ggatica-2\/","title":{"rendered":"ggatica"},"content":{"rendered":"\t\t<div data-elementor-type=\"wp-page\" data-elementor-id=\"662\" class=\"elementor elementor-662\">\n\t\t\t\t<div class=\"elementor-element elementor-element-0bf41d1 e-flex e-con-boxed e-con e-parent\" data-id=\"0bf41d1\" data-element_type=\"container\">\n\t\t\t\t\t<div class=\"e-con-inner\">\n\t\t<div class=\"elementor-element elementor-element-482f327 e-con-full e-flex e-con e-child\" data-id=\"482f327\" data-element_type=\"container\">\n\t\t\t\t<div class=\"elementor-element elementor-element-e3bcb69 eael-team-align-eael-team-align-default elementor-widget elementor-widget-eael-team-member\" data-id=\"e3bcb69\" data-element_type=\"widget\" data-widget_type=\"eael-team-member.default\">\n\t\t\t\t<div class=\"elementor-widget-container\">\n\t\t\t\t\t\n\n\t<div id=\"eael-team-member-e3bcb69\" class=\"eael-team-item eael-team-members-simple \">\n\t\t<div class=\"eael-team-item-inner\">\n\t\t\t<div class=\"eael-team-image\">\n\t\t\t\t<figure>\n\t\t\t\t\t\t\t\t\t\t<img decoding=\"async\" src=\"https:\/\/dsalt.ciencias.ubiobio.cl\/wp-content\/uploads\/2025\/06\/ggatica.jpg\" alt=\"\">\n\t\t\t\t\t\t\t\t\t<\/figure>\n\t\t\t\t\n\t\t\t\t\n\t\t\t<\/div>\n\n\t\t\t<div class=\"eael-team-content\">\n\t\t\t\t<h2 class=\"eael-team-member-name\">Dr. Gabriel Gatica P.<\/h2><h3 class=\"eael-team-member-position\">Investigador<\/h3>\n\t\t\t\t\t\t\t\t\t\t\t\t\t\t<p class=\"eael-team-text\">Departamento de Ingenier\u00eda Matem\u00e1tica Facultad de Ciencias F\u00edsicas y Matem\u00e1ticas Universidad de Concepci\u00f3n<\/p>\n\t\t\t\t\t\t\t<\/div>\n\t\t<\/div>\n\t<\/div>\n\t\t\t\t\t<\/div>\n\t\t\t\t<\/div>\n\t\t\t\t<\/div>\n\t\t<div class=\"elementor-element elementor-element-81e7b18 e-con-full e-flex e-con e-child\" data-id=\"81e7b18\" data-element_type=\"container\">\n\t\t<div class=\"elementor-element elementor-element-7552297 e-con-full e-flex e-con e-child\" data-id=\"7552297\" data-element_type=\"container\">\n\t\t\t\t<div class=\"elementor-element elementor-element-216bc18 elementor-widget elementor-widget-text-editor\" data-id=\"216bc18\" data-element_type=\"widget\" data-widget_type=\"text-editor.default\">\n\t\t\t\t<div class=\"elementor-widget-container\">\n\t\t\t\t\t\t\t\t\t<p><em><strong>&#8220;Desde el an\u00e1lisis num\u00e9rico de ecuaciones diferenciales parciales, se puede explorar soluciones para problem\u00e1ticas diversas y urgentes como, en este caso, contribuir a la comprensi\u00f3n de los procesos que intervienen en una posible f\u00f3rmula para obtener recursos h\u00eddricos para el consumo humano, a partir de agua salada.&#8221;<\/strong><\/em><\/p>\t\t\t\t\t\t\t\t<\/div>\n\t\t\t\t<\/div>\n\t\t\t\t<\/div>\n\t\t\t\t<div class=\"elementor-element elementor-element-615652c elementor-widget-divider--view-line elementor-widget elementor-widget-divider\" data-id=\"615652c\" data-element_type=\"widget\" data-widget_type=\"divider.default\">\n\t\t\t\t<div class=\"elementor-widget-container\">\n\t\t\t\t\t\t\t<div class=\"elementor-divider\">\n\t\t\t<span class=\"elementor-divider-separator\">\n\t\t\t\t\t\t<\/span>\n\t\t<\/div>\n\t\t\t\t\t\t<\/div>\n\t\t\t\t<\/div>\n\t\t<div class=\"elementor-element elementor-element-c9a1b87 e-con-full e-flex e-con e-child\" data-id=\"c9a1b87\" data-element_type=\"container\">\n\t\t\t\t<div class=\"elementor-element elementor-element-74675e5 elementor-widget elementor-widget-text-editor\" data-id=\"74675e5\" data-element_type=\"widget\" data-widget_type=\"text-editor.default\">\n\t\t\t\t<div class=\"elementor-widget-container\">\n\t\t\t\t\t\t\t\t\t<p>El Profesor Gabriel Gatica es especialista en An\u00e1lisis Num\u00e9rico de Ecuaciones Diferenciales Parciales con una carrera acad\u00e9mica que supera las cuatro d\u00e9cadas en la Universidad de Concepci\u00f3n, UdeC, donde obtuvo su bachiller, t\u00edtulo profesional y magister, tras lo cual se traslad\u00f3 a Estados Unidos para obtener el m\u00e1ximo grado acad\u00e9mico en la U. of Delaware<br \/>Fundador y formador del nodo de An\u00e1lisis Num\u00e9rico del Centro de Modelamiento Matem\u00e1tico de la U. de Chile que agrupa a investigadoras\/es de las tres principales universidades de las regiones de Biob\u00edo y \u00d1uble, fue tambi\u00e9n el primer Director del Centro de Investigaci\u00f3n en Ingenier\u00eda Matem\u00e1tica, CI\u00b2MA, y ha destacado permanentemente por su productividad cient\u00edfica en mediciones del \u00e1rea elaboradas tanto en Chile como en el extranjero.<br \/>Ha sido editor de prestigiosas revistas especializadas y participado en comit\u00e9 cient\u00edficos y organizadores de eventos de impacto global. Entre otros reconocimientos, en 1999, recibi\u00f3 el Premio Municipal de Ciencias de Concepci\u00f3n, en 2016, obtuvo el \u2018Premio Atenea a la mejor obra cient\u00edfica\u2019 de la Universidad de Concepci\u00f3n, por su libro \u201cA simple introduction to the Mixed Finite Element Method. Theory and Applications\u201d, publicado por la prestigiosa editorial Springer. Recientemente y por segundo a\u00f1o consecutivo, fue destacado en los Reconocimientos a la Investigaci\u00f3n y Creaci\u00f3n Art\u00edstica de Excelencia de la UdeC en la categor\u00eda \u2018Publicaciones Web of Science\u2019.<\/p><h5>Contacto<\/h5><p><a href=\"mailto:ggatica@ci2ma.udec.cl ?Subject=Mensaje%20desde%20Web%20dsalt.cl\" target=\"new\"><i class=\"fa fa-envelope-o\" aria-hidden=\"true\"><\/i>\u00a0ggatica@ci2ma.udec.cl<\/a><br \/><a href=\"https:\/\/www.ci2ma.udec.cl\/ggatica\/\" target=\"new\"><i class=\"fa fa-globe\" aria-hidden=\"true\"><\/i>\u00a0Sitio Web<\/a><br \/><a href=\"http:\/\/scholar.google.com\/citations?user=7FNfdxgAAAAJ&amp;hl=en\" target=\"new\"><i class=\"fa fa-globe\" aria-hidden=\"true\"><\/i>\u00a0Google Scholar<\/a><br \/><a href=\"http:\/\/www.researchgate.net\/profile\/Gabriel_Gatica2\" target=\"new\"><i class=\"fa fa-globe\" aria-hidden=\"true\"><\/i>\u00a0Researchgate<\/a><br \/><a href=\"http:\/\/www.scopus.com\/authid\/detail.uri?origin=resultslist&amp;authorId=7003823449&amp;zone=\" target=\"new\"><i class=\"fa fa-globe\" aria-hidden=\"true\"><\/i>\u00a0Scopus<\/a><\/p>\t\t\t\t\t\t\t\t<\/div>\n\t\t\t\t<\/div>\n\t\t\t\t<\/div>\n\t\t\t\t<\/div>\n\t\t\t\t\t<\/div>\n\t\t\t\t<\/div>\n\t\t<div class=\"elementor-element elementor-element-6d891e8 e-flex e-con-boxed e-con e-parent\" data-id=\"6d891e8\" data-element_type=\"container\">\n\t\t\t\t\t<div class=\"e-con-inner\">\n\t\t\t\t<div class=\"elementor-element elementor-element-2a03ffb elementor-widget-divider--view-line elementor-widget elementor-widget-divider\" data-id=\"2a03ffb\" data-element_type=\"widget\" data-widget_type=\"divider.default\">\n\t\t\t\t<div class=\"elementor-widget-container\">\n\t\t\t\t\t\t\t<div class=\"elementor-divider\">\n\t\t\t<span class=\"elementor-divider-separator\">\n\t\t\t\t\t\t<\/span>\n\t\t<\/div>\n\t\t\t\t\t\t<\/div>\n\t\t\t\t<\/div>\n\t\t\t\t\t<\/div>\n\t\t\t\t<\/div>\n\t\t<div class=\"elementor-element elementor-element-1cc85ed e-flex e-con-boxed e-con e-parent\" data-id=\"1cc85ed\" data-element_type=\"container\">\n\t\t\t\t\t<div class=\"e-con-inner\">\n\t\t<div class=\"elementor-element elementor-element-eaf6ac3 e-grid e-con-full e-con e-child\" data-id=\"eaf6ac3\" data-element_type=\"container\">\n\t\t\t\t<div class=\"elementor-element elementor-element-fc9b680 elementor-widget elementor-widget-text-editor\" data-id=\"fc9b680\" data-element_type=\"widget\" data-widget_type=\"text-editor.default\">\n\t\t\t\t<div class=\"elementor-widget-container\">\n\t\t\t\t\t\t\t\t\t<h5>Grados Acad\u00e9micos<\/h5><p>\u00b7 Ph.D., University of Delaware, USA, 1989.<\/p><p>\u00b7 Magister en Matem\u00e1ticas, Universidad de Concepci\u00f3n, Chile, 1985.<\/p><p>\u00b7 Ingeniero Matem\u00e1tico, Universidad de Concepci\u00f3n, Chile, 1982.<\/p><p>\u00b7 Bachiller en Matem\u00e1ticas, Universidad de Concepci\u00f3n, Chile, 1980.<\/p>\t\t\t\t\t\t\t\t<\/div>\n\t\t\t\t<\/div>\n\t\t\t\t<div class=\"elementor-element elementor-element-8826eae elementor-widget elementor-widget-text-editor\" data-id=\"8826eae\" data-element_type=\"widget\" data-widget_type=\"text-editor.default\">\n\t\t\t\t<div class=\"elementor-widget-container\">\n\t\t\t\t\t\t\t\t\t<h5>Posiciones<\/h5><p>\u00b7Acad\u00e9mico &#8211; Departamento de Ingenier\u00eda Matem\u00e1tica, Universidad de Concepci\u00f3n, Chile \u2013 1980 a la fecha [Profesor Titular desde 1996]<\/p><p>\u00b7Investigador asociado del Centro de Investigaci\u00f3n en Ingenier\u00eda Matem\u00e1tica, CI\u00b2MA, de la Universidad de Concepci\u00f3n &#8211; 2009 a la fecha.<\/p><p>\u00b7Investigador asociado del Centro de Modelamiento Matem\u00e1tico, CMM, de la Universidad de Chile &#8211; 2000 a la fecha.<\/p>\t\t\t\t\t\t\t\t<\/div>\n\t\t\t\t<\/div>\n\t\t\t\t<\/div>\n\t\t\t\t\t<\/div>\n\t\t\t\t<\/div>\n\t\t<div class=\"elementor-element elementor-element-0895717 e-flex e-con-boxed e-con e-parent\" data-id=\"0895717\" data-element_type=\"container\">\n\t\t\t\t\t<div class=\"e-con-inner\">\n\t\t\t\t<div class=\"elementor-element elementor-element-e3ff748 elementor-widget-divider--view-line elementor-widget elementor-widget-divider\" data-id=\"e3ff748\" data-element_type=\"widget\" data-widget_type=\"divider.default\">\n\t\t\t\t<div class=\"elementor-widget-container\">\n\t\t\t\t\t\t\t<div class=\"elementor-divider\">\n\t\t\t<span class=\"elementor-divider-separator\">\n\t\t\t\t\t\t<\/span>\n\t\t<\/div>\n\t\t\t\t\t\t<\/div>\n\t\t\t\t<\/div>\n\t\t\t\t<div class=\"elementor-element elementor-element-638f1ea elementor-widget elementor-widget-text-editor\" data-id=\"638f1ea\" data-element_type=\"widget\" data-widget_type=\"text-editor.default\">\n\t\t\t\t<div class=\"elementor-widget-container\">\n\t\t\t\t\t\t\t\t\t<h3>Publicaciones<\/h3><p><b style=\"font-style: inherit;\">Pre Publicaciones<\/b><\/p><div class=\"column six\"><div class=\"small-icon-text clear-after\"><p class=\"text-xs\">Lista de Pre-Publicaciones, ordenadas por a\u00f1o de ocurrencia, a partir de 2009, fecha de creaci\u00f3n del Centro de Investigaci\u00f3n en Ingenier\u00eda Matem\u00e1tica (CI\u00b2MA). Al hacer LINK en el n\u00famero de una determinada Pre-Publicaci\u00f3n se obtiene el resumen, el acceso al archivo .pdf respectivo, y la(s) publicaci\u00f3n(es) definitiva(s) a las que ella ha dado origen. A su vez, al hacer LINK en un determinado co-autor se despliegan todas sus Pre-Publicaciones disponibles en esta base de datos.<br \/><a href=\"https:\/\/www.ci2ma.udec.cl\/publicaciones\/prepublicaciones\/porautor.php?autor=1\" target=\"new\"><i class=\"fa fa-download\" aria-hidden=\"true\"><\/i>\u00a0Ver<\/a><\/p><\/div><\/div><div class=\"column six last\"><div class=\"small-icon red\">\u00a0<\/div><div class=\"small-icon-text clear-after\"><p class=\"text-xs\"><b>Art\u00edculos en Revistas Cient\u00edficas<\/b><br \/>Lista de publicaciones en revistas cient\u00edficas del autor indicado, ordenadas por a\u00f1o de ocurrencia, a partir de 2009, fecha de creaci\u00f3n del Centro de Investigaci\u00f3n en Ingenier\u00eda Matem\u00e1tica (CI\u00b2MA). Al hacer LINK en el logo de MathScinet ubicado a la derecha, se despliegan todas las publicaciones de este autor en dicha base de datos de la AMS. A su vez, al hacer LINK en un determinado co-autor se despliegan todas sus publicaciones disponibles en la presente base de datos.<br \/><a href=\"https:\/\/www.ci2ma.udec.cl\/publicaciones\/articulosrevistas\/porautor.php?autor=1\" target=\"new\"><i class=\"fa fa-download\" aria-hidden=\"true\"><\/i>\u00a0Ver<\/a><\/p><\/div><\/div><div>\u00a0<\/div><div class=\"clear\"><b style=\"font-style: inherit;\">M\u00e1s publicaciones<\/b><\/div><div class=\"column six\"><div class=\"small-icon-text clear-after\"><p class=\"text-xs\">Publicaciones en MathSciNet.<br \/><a href=\"https:\/\/mathscinet.ams.org\/mathscinet\/search\/publications.html?pg1=IID&amp;s1=71810\" target=\"new\"><i class=\"fa fa-download\" aria-hidden=\"true\"><\/i>\u00a0Ver<\/a><\/p><\/div><\/div>\t\t\t\t\t\t\t\t<\/div>\n\t\t\t\t<\/div>\n\t\t\t\t<div class=\"elementor-element elementor-element-22369b6 elementor-widget-divider--view-line elementor-widget elementor-widget-divider\" data-id=\"22369b6\" data-element_type=\"widget\" data-widget_type=\"divider.default\">\n\t\t\t\t<div class=\"elementor-widget-container\">\n\t\t\t\t\t\t\t<div class=\"elementor-divider\">\n\t\t\t<span class=\"elementor-divider-separator\">\n\t\t\t\t\t\t<\/span>\n\t\t<\/div>\n\t\t\t\t\t\t<\/div>\n\t\t\t\t<\/div>\n\t\t\t\t\t<\/div>\n\t\t\t\t<\/div>\n\t\t\t\t<\/div>\n\t\t","protected":false},"excerpt":{"rendered":"<p>Dr. Gabriel Gatica P. Investigador Departamento de Ingenier\u00eda Matem\u00e1tica Facultad de Ciencias F\u00edsicas y Matem\u00e1ticas Universidad de Concepci\u00f3n &#8220;Desde el [&hellip;]<\/p>\n","protected":false},"author":1,"featured_media":0,"parent":0,"menu_order":0,"comment_status":"closed","ping_status":"closed","template":"","meta":{"_eb_attr":"","_uag_custom_page_level_css":"","site-sidebar-layout":"no-sidebar","site-content-layout":"","ast-site-content-layout":"full-width-container","site-content-style":"default","site-sidebar-style":"default","ast-global-header-display":"","ast-banner-title-visibility":"","ast-main-header-display":"","ast-hfb-above-header-display":"","ast-hfb-below-header-display":"","ast-hfb-mobile-header-display":"","site-post-title":"disabled","ast-breadcrumbs-content":"","ast-featured-img":"disabled","footer-sml-layout":"","theme-transparent-header-meta":"","adv-header-id-meta":"","stick-header-meta":"","header-above-stick-meta":"","header-main-stick-meta":"","header-below-stick-meta":"","astra-migrate-meta-layouts":"default","ast-page-background-enabled":"default","ast-page-background-meta":{"desktop":{"background-color":"var(--ast-global-color-5)","background-image":"","background-repeat":"repeat","background-position":"center center","background-size":"auto","background-attachment":"scroll","background-type":"","background-media":"","overlay-type":"","overlay-color":"","overlay-opacity":"","overlay-gradient":""},"tablet":{"background-color":"","background-image":"","background-repeat":"repeat","background-position":"center center","background-size":"auto","background-attachment":"scroll","background-type":"","background-media":"","overlay-type":"","overlay-color":"","overlay-opacity":"","overlay-gradient":""},"mobile":{"background-color":"","background-image":"","background-repeat":"repeat","background-position":"center center","background-size":"auto","background-attachment":"scroll","background-type":"","background-media":"","overlay-type":"","overlay-color":"","overlay-opacity":"","overlay-gradient":""}},"ast-content-background-meta":{"desktop":{"background-color":"var(--ast-global-color-4)","background-image":"","background-repeat":"repeat","background-position":"center center","background-size":"auto","background-attachment":"scroll","background-type":"","background-media":"","overlay-type":"","overlay-color":"","overlay-opacity":"","overlay-gradient":""},"tablet":{"background-color":"var(--ast-global-color-4)","background-image":"","background-repeat":"repeat","background-position":"center center","background-size":"auto","background-attachment":"scroll","background-type":"","background-media":"","overlay-type":"","overlay-color":"","overlay-opacity":"","overlay-gradient":""},"mobile":{"background-color":"var(--ast-global-color-4)","background-image":"","background-repeat":"repeat","background-position":"center center","background-size":"auto","background-attachment":"scroll","background-type":"","background-media":"","overlay-type":"","overlay-color":"","overlay-opacity":"","overlay-gradient":""}},"footnotes":""},"class_list":["post-662","page","type-page","status-publish","hentry"],"uagb_featured_image_src":{"full":false,"thumbnail":false,"medium":false,"medium_large":false,"large":false,"1536x1536":false,"2048x2048":false},"uagb_author_info":{"display_name":"dsalt","author_link":"https:\/\/dsalt.ciencias.ubiobio.cl\/index.php\/author\/dsalt\/"},"uagb_comment_info":0,"uagb_excerpt":"Dr. Gabriel Gatica P. Investigador Departamento de Ingenier\u00eda Matem\u00e1tica Facultad de Ciencias F\u00edsicas y Matem\u00e1ticas Universidad de Concepci\u00f3n &#8220;Desde el [&hellip;]","_links":{"self":[{"href":"https:\/\/dsalt.ciencias.ubiobio.cl\/index.php\/wp-json\/wp\/v2\/pages\/662","targetHints":{"allow":["GET"]}}],"collection":[{"href":"https:\/\/dsalt.ciencias.ubiobio.cl\/index.php\/wp-json\/wp\/v2\/pages"}],"about":[{"href":"https:\/\/dsalt.ciencias.ubiobio.cl\/index.php\/wp-json\/wp\/v2\/types\/page"}],"author":[{"embeddable":true,"href":"https:\/\/dsalt.ciencias.ubiobio.cl\/index.php\/wp-json\/wp\/v2\/users\/1"}],"replies":[{"embeddable":true,"href":"https:\/\/dsalt.ciencias.ubiobio.cl\/index.php\/wp-json\/wp\/v2\/comments?post=662"}],"version-history":[{"count":4,"href":"https:\/\/dsalt.ciencias.ubiobio.cl\/index.php\/wp-json\/wp\/v2\/pages\/662\/revisions"}],"predecessor-version":[{"id":693,"href":"https:\/\/dsalt.ciencias.ubiobio.cl\/index.php\/wp-json\/wp\/v2\/pages\/662\/revisions\/693"}],"wp:attachment":[{"href":"https:\/\/dsalt.ciencias.ubiobio.cl\/index.php\/wp-json\/wp\/v2\/media?parent=662"}],"curies":[{"name":"wp","href":"https:\/\/api.w.org\/{rel}","templated":true}]}}