{"id":658,"date":"2025-06-16T16:24:38","date_gmt":"2025-06-16T19:24:38","guid":{"rendered":"https:\/\/dsalt.ciencias.ubiobio.cl\/?page_id=658"},"modified":"2025-06-16T16:56:42","modified_gmt":"2025-06-16T19:56:42","slug":"dmora-2","status":"publish","type":"page","link":"https:\/\/dsalt.ciencias.ubiobio.cl\/index.php\/dmora-2\/","title":{"rendered":"dmora"},"content":{"rendered":"\t\t<div data-elementor-type=\"wp-page\" data-elementor-id=\"658\" class=\"elementor elementor-658\">\n\t\t\t\t<div class=\"elementor-element elementor-element-0bf41d1 e-flex e-con-boxed e-con e-parent\" data-id=\"0bf41d1\" data-element_type=\"container\">\n\t\t\t\t\t<div class=\"e-con-inner\">\n\t\t<div class=\"elementor-element elementor-element-482f327 e-con-full e-flex e-con e-child\" data-id=\"482f327\" data-element_type=\"container\">\n\t\t\t\t<div class=\"elementor-element elementor-element-e3bcb69 eael-team-align-eael-team-align-default elementor-widget elementor-widget-eael-team-member\" data-id=\"e3bcb69\" data-element_type=\"widget\" data-widget_type=\"eael-team-member.default\">\n\t\t\t\t<div class=\"elementor-widget-container\">\n\t\t\t\t\t\n\n\t<div id=\"eael-team-member-e3bcb69\" class=\"eael-team-item eael-team-members-simple \">\n\t\t<div class=\"eael-team-item-inner\">\n\t\t\t<div class=\"eael-team-image\">\n\t\t\t\t<figure>\n\t\t\t\t\t\t\t\t\t\t<img decoding=\"async\" src=\"https:\/\/dsalt.ciencias.ubiobio.cl\/wp-content\/uploads\/2025\/06\/dmora.jpg\" alt=\"\">\n\t\t\t\t\t\t\t\t\t<\/figure>\n\t\t\t\t\n\t\t\t\t\n\t\t\t<\/div>\n\n\t\t\t<div class=\"eael-team-content\">\n\t\t\t\t<h2 class=\"eael-team-member-name\">Dr. David Mora H.<\/h2><h3 class=\"eael-team-member-position\">Investigador<\/h3>\n\t\t\t\t\t\t\t\t\t\t\t\t\t\t<p class=\"eael-team-text\">Departamento de Matem\u00e1tica Facultad de Ciencias Universidad del B\u00edo-B\u00edo<\/p>\n\t\t\t\t\t\t\t<\/div>\n\t\t<\/div>\n\t<\/div>\n\t\t\t\t\t<\/div>\n\t\t\t\t<\/div>\n\t\t\t\t<\/div>\n\t\t<div class=\"elementor-element elementor-element-81e7b18 e-con-full e-flex e-con e-child\" data-id=\"81e7b18\" data-element_type=\"container\">\n\t\t<div class=\"elementor-element elementor-element-7552297 e-con-full e-flex e-con e-child\" data-id=\"7552297\" data-element_type=\"container\">\n\t\t\t\t<div class=\"elementor-element elementor-element-216bc18 elementor-widget elementor-widget-text-editor\" data-id=\"216bc18\" data-element_type=\"widget\" data-widget_type=\"text-editor.default\">\n\t\t\t\t<div class=\"elementor-widget-container\">\n\t\t\t\t\t\t\t\t\t<p><em><strong>&#8220;Estamos desarrollando m\u00e9todos num\u00e9ricos de elementos finitos y elementos virtualespara modelos matem\u00e1ticos que aparecen en los fen\u00f3menos de interacci\u00f3n entre fluidos y membranas. Esperamos proponer esquemas num\u00e9ricos eficientes para resolver problemas complejos (no-lineales) en dos y tres dimensiones espaciales y adem\u00e1s, considerando la variable temporal.Adem\u00e1s, las condiciones de contorno necesitan tratamientos especiales para ser incorporadas en los esquemas num\u00e9ricos&#8221;<\/strong><\/em><\/p>\t\t\t\t\t\t\t\t<\/div>\n\t\t\t\t<\/div>\n\t\t\t\t<\/div>\n\t\t\t\t<div class=\"elementor-element elementor-element-615652c elementor-widget-divider--view-line elementor-widget elementor-widget-divider\" data-id=\"615652c\" data-element_type=\"widget\" data-widget_type=\"divider.default\">\n\t\t\t\t<div class=\"elementor-widget-container\">\n\t\t\t\t\t\t\t<div class=\"elementor-divider\">\n\t\t\t<span class=\"elementor-divider-separator\">\n\t\t\t\t\t\t<\/span>\n\t\t<\/div>\n\t\t\t\t\t\t<\/div>\n\t\t\t\t<\/div>\n\t\t<div class=\"elementor-element elementor-element-c9a1b87 e-con-full e-flex e-con e-child\" data-id=\"c9a1b87\" data-element_type=\"container\">\n\t\t\t\t<div class=\"elementor-element elementor-element-74675e5 elementor-widget elementor-widget-text-editor\" data-id=\"74675e5\" data-element_type=\"widget\" data-widget_type=\"text-editor.default\">\n\t\t\t\t<div class=\"elementor-widget-container\">\n\t\t\t\t\t\t\t\t\t<p>El Profesor Mora actualmente se desempe\u00f1a como Director del Departamento de Matem\u00e1tica de la Facultad de Ciencias de la Universidad del B\u00edo-B\u00edo, unidad acad\u00e9mica que integra desde 2010, tras haber obtenido su doctorado en la Universidad de Concepci\u00f3n, donde tambi\u00e9n se titul\u00f3 como Ingeniero Matem\u00e1tico. Sus principales l\u00edneas e intereses de investigaci\u00f3n est\u00e1n relacionados con m\u00e9todos de Elementos Finitos y de Elementos Virtuales, y M\u00e9todos Num\u00e9ricos Aplicados a Modelos de Mec\u00e1nica de Fluido-S\u00f3lido, los que desarrolla como integrante del CI\u00b2MA de la UdeC y del CMM de la U. de Chile, entre otras filiaciones.<\/p><h5>Contacto<\/h5><p><a href=\"mailto:dmora@ubiobio.cl l ?Subject=Mensaje%20desde%20Web%20dsalt.cl\" target=\"new\"><i class=\"fa fa-envelope-o\" aria-hidden=\"true\"><\/i>\u00a0dmora@ubiobio.cl<\/a><br \/><a href=\"https:\/\/orcid.org\/0000-0002-2755-3188\" target=\"new\"><i class=\"fa fa-globe\" aria-hidden=\"true\"><\/i>\u00a0OrcID<\/a><br \/><a href=\"https:\/\/www.scopus.com\/authid\/detail.uri?authorId=35090527600&amp;eid=2-s2.0-84990834287\" target=\"new\"><i class=\"fa fa-globe\" aria-hidden=\"true\"><\/i>\u00a0Scopus<\/a><br \/><a href=\"http:\/\/ciencias.ubiobio.cl\/dmora\/\" target=\"new\"><i class=\"fa fa-globe\" aria-hidden=\"true\"><\/i>\u00a0Sitio Web<\/a><\/p>\t\t\t\t\t\t\t\t<\/div>\n\t\t\t\t<\/div>\n\t\t\t\t<\/div>\n\t\t\t\t<\/div>\n\t\t\t\t\t<\/div>\n\t\t\t\t<\/div>\n\t\t<div class=\"elementor-element elementor-element-05bcdc5 e-flex e-con-boxed e-con e-parent\" data-id=\"05bcdc5\" data-element_type=\"container\">\n\t\t\t\t\t<div class=\"e-con-inner\">\n\t\t\t\t<div class=\"elementor-element elementor-element-566d9a0 elementor-widget-divider--view-line elementor-widget elementor-widget-divider\" data-id=\"566d9a0\" data-element_type=\"widget\" data-widget_type=\"divider.default\">\n\t\t\t\t<div class=\"elementor-widget-container\">\n\t\t\t\t\t\t\t<div class=\"elementor-divider\">\n\t\t\t<span class=\"elementor-divider-separator\">\n\t\t\t\t\t\t<\/span>\n\t\t<\/div>\n\t\t\t\t\t\t<\/div>\n\t\t\t\t<\/div>\n\t\t\t\t\t<\/div>\n\t\t\t\t<\/div>\n\t\t<div class=\"elementor-element elementor-element-1cc85ed e-flex e-con-boxed e-con e-parent\" data-id=\"1cc85ed\" data-element_type=\"container\">\n\t\t\t\t\t<div class=\"e-con-inner\">\n\t\t<div class=\"elementor-element elementor-element-eaf6ac3 e-grid e-con-full e-con e-child\" data-id=\"eaf6ac3\" data-element_type=\"container\">\n\t\t\t\t<div class=\"elementor-element elementor-element-fc9b680 elementor-widget elementor-widget-text-editor\" data-id=\"fc9b680\" data-element_type=\"widget\" data-widget_type=\"text-editor.default\">\n\t\t\t\t<div class=\"elementor-widget-container\">\n\t\t\t\t\t\t\t\t\t<h5>Grados Acad\u00e9micos<\/h5><p>\u00b7 Licenciado en Ciencias Matem\u00e1ticas<br \/>Universidad de Concepci\u00f3n, Chile (Diciembre-2005).<\/p><p>\u00b7 Ingeniero Matem\u00e1tico Universidad de Concepci\u00f3n, Chile (Marzo-2006).<\/p><p>\u00b7 Dr. Cs. Aplicadas c\/m en Ingenier\u00eda Matem\u00e1tica Universidad de Concepci\u00f3n, Chile (Marzo-2010)<\/p>\t\t\t\t\t\t\t\t<\/div>\n\t\t\t\t<\/div>\n\t\t\t\t<div class=\"elementor-element elementor-element-8826eae elementor-widget elementor-widget-text-editor\" data-id=\"8826eae\" data-element_type=\"widget\" data-widget_type=\"text-editor.default\">\n\t\t\t\t<div class=\"elementor-widget-container\">\n\t\t\t\t\t\t\t\t\t<h5>Posiciones<\/h5><p>\u00b7 Profesor Asociado &#8211; Departamento de Matem\u00e1tica, Universidad del B\u00edo-B\u00edo, Chile &#8211; 2016 a la fecha<\/p><p>\u00b7 Profesor Asistente &#8211; Departamento de Matem\u00e1tica, Universidad del B\u00edo-B\u00edo, Chile &#8211; 2010 a 2015<\/p><p>\u00b7 Investigador asociado del Centro de Investigaci\u00f3n en Ingenier\u00eda Matem\u00e1tica, CI\u00b2MA, de la Universidad de Concepci\u00f3n &#8211; 2010 a la fecha<\/p><p>\u00b7 Investigador asociado del Centro de Modelamiento Matem\u00e1tico, CMM, de la Universidad de Chile &#8211; 2018 a la fecha<\/p>\t\t\t\t\t\t\t\t<\/div>\n\t\t\t\t<\/div>\n\t\t\t\t<\/div>\n\t\t\t\t\t<\/div>\n\t\t\t\t<\/div>\n\t\t<div class=\"elementor-element elementor-element-0895717 e-flex e-con-boxed e-con e-parent\" data-id=\"0895717\" data-element_type=\"container\">\n\t\t\t\t\t<div class=\"e-con-inner\">\n\t\t\t\t<div class=\"elementor-element elementor-element-e3ff748 elementor-widget-divider--view-line elementor-widget elementor-widget-divider\" data-id=\"e3ff748\" data-element_type=\"widget\" data-widget_type=\"divider.default\">\n\t\t\t\t<div class=\"elementor-widget-container\">\n\t\t\t\t\t\t\t<div class=\"elementor-divider\">\n\t\t\t<span class=\"elementor-divider-separator\">\n\t\t\t\t\t\t<\/span>\n\t\t<\/div>\n\t\t\t\t\t\t<\/div>\n\t\t\t\t<\/div>\n\t\t\t\t<div class=\"elementor-element elementor-element-638f1ea elementor-widget elementor-widget-text-editor\" data-id=\"638f1ea\" data-element_type=\"widget\" data-widget_type=\"text-editor.default\">\n\t\t\t\t<div class=\"elementor-widget-container\">\n\t\t\t\t\t\t\t\t\t<h3>Publicaciones<\/h3><h3>\u00a0<\/h3><div class=\"column six\"><div class=\"small-icon-text clear-after\"><p class=\"text-xs\"><b>Pre Publicaciones<\/b><br \/>Lista de Pre-Publicaciones, ordenadas por a\u00f1o de ocurrencia, a partir de 2009, fecha de creaci\u00f3n del Centro de Investigaci\u00f3n en Ingenier\u00eda Matem\u00e1tica (CI\u00b2MA). Al hacer LINK en el n\u00famero de una determinada Pre-Publicaci\u00f3n se obtiene el resumen, el acceso al archivo .pdf respectivo, y la(s) publicaci\u00f3n(es) definitiva(s) a las que ella ha dado origen. A su vez, al hacer LINK en un determinado co-autor se despliegan todas sus Pre-Publicaciones disponibles en esta base de datos.<br \/><br \/><a href=\"https:\/\/www.ci2ma.udec.cl\/publicaciones\/prepublicaciones\/porautor.php?autor=214\" target=\"new\"><i class=\"fa fa-download\" aria-hidden=\"true\"><\/i>\u00a0Ver<\/a><\/p><\/div><\/div><div class=\"column six last\"><div class=\"small-icon red\">\u00a0<\/div><div class=\"small-icon-text clear-after\"><p class=\"text-xs\"><b>Art\u00edculos en Revistas Cient\u00edficas<\/b><br \/>Lista de publicaciones en revistas cient\u00edficas del autor indicado, ordenadas por a\u00f1o de ocurrencia, a partir de 2009, fecha de creaci\u00f3n del Centro de Investigaci\u00f3n en Ingenier\u00eda Matem\u00e1tica (CI\u00b2MA). Al hacer LINK en el logo de MathScinet ubicado a la derecha, se despliegan todas las publicaciones de este autor en dicha base de datos de la AMS. A su vez, al hacer LINK en un determinado co-autor se despliegan todas sus publicaciones disponibles en la presente base de datos.<br \/><br \/><a href=\"https:\/\/www.ci2ma.udec.cl\/publicaciones\/articulosrevistas\/porautor.php?autor=214\" target=\"new\"><i class=\"fa fa-download\" aria-hidden=\"true\"><\/i>\u00a0Ver<\/a><\/p><\/div><\/div><div class=\"column six last\"><div class=\"small-icon-text clear-after\">\u00a0<\/div><\/div>\t\t\t\t\t\t\t\t<\/div>\n\t\t\t\t<\/div>\n\t\t\t\t\t<\/div>\n\t\t\t\t<\/div>\n\t\t\t\t<\/div>\n\t\t","protected":false},"excerpt":{"rendered":"<p>Dr. David Mora H. Investigador Departamento de Matem\u00e1tica Facultad de Ciencias Universidad del B\u00edo-B\u00edo &#8220;Estamos desarrollando m\u00e9todos num\u00e9ricos de elementos [&hellip;]<\/p>\n","protected":false},"author":1,"featured_media":0,"parent":0,"menu_order":0,"comment_status":"closed","ping_status":"closed","template":"","meta":{"_eb_attr":"","_uag_custom_page_level_css":"","site-sidebar-layout":"no-sidebar","site-content-layout":"","ast-site-content-layout":"full-width-container","site-content-style":"default","site-sidebar-style":"default","ast-global-header-display":"","ast-banner-title-visibility":"","ast-main-header-display":"","ast-hfb-above-header-display":"","ast-hfb-below-header-display":"","ast-hfb-mobile-header-display":"","site-post-title":"disabled","ast-breadcrumbs-content":"","ast-featured-img":"disabled","footer-sml-layout":"","theme-transparent-header-meta":"","adv-header-id-meta":"","stick-header-meta":"","header-above-stick-meta":"","header-main-stick-meta":"","header-below-stick-meta":"","astra-migrate-meta-layouts":"default","ast-page-background-enabled":"default","ast-page-background-meta":{"desktop":{"background-color":"var(--ast-global-color-5)","background-image":"","background-repeat":"repeat","background-position":"center center","background-size":"auto","background-attachment":"scroll","background-type":"","background-media":"","overlay-type":"","overlay-color":"","overlay-opacity":"","overlay-gradient":""},"tablet":{"background-color":"","background-image":"","background-repeat":"repeat","background-position":"center center","background-size":"auto","background-attachment":"scroll","background-type":"","background-media":"","overlay-type":"","overlay-color":"","overlay-opacity":"","overlay-gradient":""},"mobile":{"background-color":"","background-image":"","background-repeat":"repeat","background-position":"center center","background-size":"auto","background-attachment":"scroll","background-type":"","background-media":"","overlay-type":"","overlay-color":"","overlay-opacity":"","overlay-gradient":""}},"ast-content-background-meta":{"desktop":{"background-color":"var(--ast-global-color-4)","background-image":"","background-repeat":"repeat","background-position":"center center","background-size":"auto","background-attachment":"scroll","background-type":"","background-media":"","overlay-type":"","overlay-color":"","overlay-opacity":"","overlay-gradient":""},"tablet":{"background-color":"var(--ast-global-color-4)","background-image":"","background-repeat":"repeat","background-position":"center center","background-size":"auto","background-attachment":"scroll","background-type":"","background-media":"","overlay-type":"","overlay-color":"","overlay-opacity":"","overlay-gradient":""},"mobile":{"background-color":"var(--ast-global-color-4)","background-image":"","background-repeat":"repeat","background-position":"center center","background-size":"auto","background-attachment":"scroll","background-type":"","background-media":"","overlay-type":"","overlay-color":"","overlay-opacity":"","overlay-gradient":""}},"footnotes":""},"class_list":["post-658","page","type-page","status-publish","hentry"],"uagb_featured_image_src":{"full":false,"thumbnail":false,"medium":false,"medium_large":false,"large":false,"1536x1536":false,"2048x2048":false},"uagb_author_info":{"display_name":"dsalt","author_link":"https:\/\/dsalt.ciencias.ubiobio.cl\/index.php\/author\/dsalt\/"},"uagb_comment_info":0,"uagb_excerpt":"Dr. David Mora H. Investigador Departamento de Matem\u00e1tica Facultad de Ciencias Universidad del B\u00edo-B\u00edo &#8220;Estamos desarrollando m\u00e9todos num\u00e9ricos de elementos [&hellip;]","_links":{"self":[{"href":"https:\/\/dsalt.ciencias.ubiobio.cl\/index.php\/wp-json\/wp\/v2\/pages\/658","targetHints":{"allow":["GET"]}}],"collection":[{"href":"https:\/\/dsalt.ciencias.ubiobio.cl\/index.php\/wp-json\/wp\/v2\/pages"}],"about":[{"href":"https:\/\/dsalt.ciencias.ubiobio.cl\/index.php\/wp-json\/wp\/v2\/types\/page"}],"author":[{"embeddable":true,"href":"https:\/\/dsalt.ciencias.ubiobio.cl\/index.php\/wp-json\/wp\/v2\/users\/1"}],"replies":[{"embeddable":true,"href":"https:\/\/dsalt.ciencias.ubiobio.cl\/index.php\/wp-json\/wp\/v2\/comments?post=658"}],"version-history":[{"count":7,"href":"https:\/\/dsalt.ciencias.ubiobio.cl\/index.php\/wp-json\/wp\/v2\/pages\/658\/revisions"}],"predecessor-version":[{"id":686,"href":"https:\/\/dsalt.ciencias.ubiobio.cl\/index.php\/wp-json\/wp\/v2\/pages\/658\/revisions\/686"}],"wp:attachment":[{"href":"https:\/\/dsalt.ciencias.ubiobio.cl\/index.php\/wp-json\/wp\/v2\/media?parent=658"}],"curies":[{"name":"wp","href":"https:\/\/api.w.org\/{rel}","templated":true}]}}