{"id":648,"date":"2025-06-16T16:18:08","date_gmt":"2025-06-16T19:18:08","guid":{"rendered":"https:\/\/dsalt.ciencias.ubiobio.cl\/?page_id=648"},"modified":"2025-06-16T16:39:29","modified_gmt":"2025-06-16T19:39:29","slug":"royarzua-2","status":"publish","type":"page","link":"https:\/\/dsalt.ciencias.ubiobio.cl\/index.php\/royarzua-2\/","title":{"rendered":"royarzua"},"content":{"rendered":"\t\t<div data-elementor-type=\"wp-page\" data-elementor-id=\"648\" class=\"elementor elementor-648\">\n\t\t\t\t<div class=\"elementor-element elementor-element-0bf41d1 e-flex e-con-boxed e-con e-parent\" data-id=\"0bf41d1\" data-element_type=\"container\">\n\t\t\t\t\t<div class=\"e-con-inner\">\n\t\t<div class=\"elementor-element elementor-element-482f327 e-con-full e-flex e-con e-child\" data-id=\"482f327\" data-element_type=\"container\">\n\t\t\t\t<div class=\"elementor-element elementor-element-e3bcb69 eael-team-align-eael-team-align-default elementor-widget elementor-widget-eael-team-member\" data-id=\"e3bcb69\" data-element_type=\"widget\" data-widget_type=\"eael-team-member.default\">\n\t\t\t\t<div class=\"elementor-widget-container\">\n\t\t\t\t\t\n\n\t<div id=\"eael-team-member-e3bcb69\" class=\"eael-team-item eael-team-members-simple \">\n\t\t<div class=\"eael-team-item-inner\">\n\t\t\t<div class=\"eael-team-image\">\n\t\t\t\t<figure>\n\t\t\t\t\t\t\t\t\t\t<img decoding=\"async\" src=\"https:\/\/dsalt.ciencias.ubiobio.cl\/wp-content\/uploads\/2025\/06\/royarzua.jpg\" alt=\"\">\n\t\t\t\t\t\t\t\t\t<\/figure>\n\t\t\t\t\n\t\t\t\t\n\t\t\t<\/div>\n\n\t\t\t<div class=\"eael-team-content\">\n\t\t\t\t<h2 class=\"eael-team-member-name\">Dr Ricardo Oyarz\u00faa V.<\/h2><h3 class=\"eael-team-member-position\">Director<\/h3>\n\t\t\t\t\t\t\t\t\t\t\t\t\t\t<p class=\"eael-team-text\">Departamento de Matem\u00e1tica Facultad de Ciencias Universidad del B\u00edo-B\u00edo<\/p>\n\t\t\t\t\t\t\t<\/div>\n\t\t<\/div>\n\t<\/div>\n\t\t\t\t\t<\/div>\n\t\t\t\t<\/div>\n\t\t\t\t<\/div>\n\t\t<div class=\"elementor-element elementor-element-81e7b18 e-con-full e-flex e-con e-child\" data-id=\"81e7b18\" data-element_type=\"container\">\n\t\t<div class=\"elementor-element elementor-element-7552297 e-con-full e-flex e-con e-child\" data-id=\"7552297\" data-element_type=\"container\">\n\t\t\t\t<div class=\"elementor-element elementor-element-216bc18 elementor-widget elementor-widget-text-editor\" data-id=\"216bc18\" data-element_type=\"widget\" data-widget_type=\"text-editor.default\">\n\t\t\t\t<div class=\"elementor-widget-container\">\n\t\t\t\t\t\t\t\t\t<p><strong><em>&#8220;Nuestro principal objetivo es desarrollar nuevos algoritmos computacionales m\u00e1s eficientes, con los cuales se puedan desarrollar softwares que le permitan a los desarrolladores de tecnolog\u00eda asociada a procesos de desalinizaci\u00f3n, tomar decisiones a un bajo costo, en base a simulaciones confiables.&#8221;<\/em><\/strong><\/p>\t\t\t\t\t\t\t\t<\/div>\n\t\t\t\t<\/div>\n\t\t\t\t<\/div>\n\t\t\t\t<div class=\"elementor-element elementor-element-615652c elementor-widget-divider--view-line elementor-widget elementor-widget-divider\" data-id=\"615652c\" data-element_type=\"widget\" data-widget_type=\"divider.default\">\n\t\t\t\t<div class=\"elementor-widget-container\">\n\t\t\t\t\t\t\t<div class=\"elementor-divider\">\n\t\t\t<span class=\"elementor-divider-separator\">\n\t\t\t\t\t\t<\/span>\n\t\t<\/div>\n\t\t\t\t\t\t<\/div>\n\t\t\t\t<\/div>\n\t\t<div class=\"elementor-element elementor-element-c9a1b87 e-con-full e-flex e-con e-child\" data-id=\"c9a1b87\" data-element_type=\"container\">\n\t\t\t\t<div class=\"elementor-element elementor-element-74675e5 elementor-widget elementor-widget-text-editor\" data-id=\"74675e5\" data-element_type=\"widget\" data-widget_type=\"text-editor.default\">\n\t\t\t\t<div class=\"elementor-widget-container\">\n\t\t\t\t\t\t\t\t\t<p>El Doctor Oyarz\u00faa cuenta con una importante experiencia en lineas de investigaci\u00f3n relacionadas con An\u00e1lisis Num\u00e9rico de Ecuaciones Diferenciales Parciales, M\u00e9todos de Elementos Finitos Mixtos, M\u00e9todos de Galerkin Discontinuos y An\u00e1lisis de errores a posteriori. A participado como co-investigador, investigador principal e investigador asociado en diversos proyectos desde el a\u00f1o 2012. Actualmente lidera el Proyecto Anillo dsalt: Matem\u00e1tica computacional para procesos de desalinizaci\u00f3n (ACT ACT210087) y partcipa como Investigador principal del Proyecto FONDECYT N\u00b0 1200666: Nuevos m\u00e9todos mixtos de elementos finitos para la elasticidad, poroelasticidad y problemas relacionados. 2020-2024 e Investigador asociado del Programa PIA FB210005: Concurso Nacional de Financiamiento Basal para CCTE 2021: Centro de Modelamiento Matematico (CMM). 2021-2031.<\/p>\n<p><\/p>\n<h5>Contacto<\/h5>\n<p><a href=\"mailto:royarzua@ubiobio.cl?Subject=Mensaje%20desde%20Web%20dsalt.cl\" target=\"new\"><i class=\"fa fa-envelope-o\" aria-hidden=\"true\"><\/i>&nbsp;royarzua@ubiobio.cl<\/a><br><a href=\"http:\/\/ciencias.ubiobio.cl\/royarzua\/#\" target=\"new\"><i class=\"fa fa-globe\" aria-hidden=\"true\"><\/i>&nbsp;Sitio Web<\/a><\/p>\t\t\t\t\t\t\t\t<\/div>\n\t\t\t\t<\/div>\n\t\t\t\t<\/div>\n\t\t\t\t<\/div>\n\t\t\t\t\t<\/div>\n\t\t\t\t<\/div>\n\t\t<div class=\"elementor-element elementor-element-d4f7ab6 e-flex e-con-boxed e-con e-parent\" data-id=\"d4f7ab6\" data-element_type=\"container\">\n\t\t\t\t\t<div class=\"e-con-inner\">\n\t\t\t\t<div class=\"elementor-element elementor-element-5dfc4e1 elementor-widget-divider--view-line elementor-widget elementor-widget-divider\" data-id=\"5dfc4e1\" data-element_type=\"widget\" data-widget_type=\"divider.default\">\n\t\t\t\t<div class=\"elementor-widget-container\">\n\t\t\t\t\t\t\t<div class=\"elementor-divider\">\n\t\t\t<span class=\"elementor-divider-separator\">\n\t\t\t\t\t\t<\/span>\n\t\t<\/div>\n\t\t\t\t\t\t<\/div>\n\t\t\t\t<\/div>\n\t\t\t\t\t<\/div>\n\t\t\t\t<\/div>\n\t\t<div class=\"elementor-element elementor-element-1cc85ed e-flex e-con-boxed e-con e-parent\" data-id=\"1cc85ed\" data-element_type=\"container\">\n\t\t\t\t\t<div class=\"e-con-inner\">\n\t\t<div class=\"elementor-element elementor-element-eaf6ac3 e-grid e-con-full e-con e-child\" data-id=\"eaf6ac3\" data-element_type=\"container\">\n\t\t\t\t<div class=\"elementor-element elementor-element-fc9b680 elementor-widget elementor-widget-text-editor\" data-id=\"fc9b680\" data-element_type=\"widget\" data-widget_type=\"text-editor.default\">\n\t\t\t\t<div class=\"elementor-widget-container\">\n\t\t\t\t\t\t\t\t\t<div class=\"experience\"><div class=\"experience-info clear-after\"><h5><strong>Grados Acad\u00e9micos<\/strong><\/h5><p>\u00b7 Licenciado en Ciencias Matem\u00e1ticas<br \/>Universidad de Concepci\u00f3n, Chile &#8211; 2005<\/p><p>\u00b7 Ingeniero Matem\u00e1tico Universidad de Concepci\u00f3n, Chile &#8211; 2007<\/p><p>\u00b7 Doctor en Ciencias Aplicadas c\/m Ingenier\u00eda Matem\u00e1tica (Ph.D in Applied Mathematics) )<br \/>Universidad de Concepci\u00f3n, Chile &#8211; 2010.<br \/>Supervisado por Gabriel N. Gatica y Francisco J. Sayas .<\/p><\/div><\/div><div class=\"experience\">\u00a0<\/div>\t\t\t\t\t\t\t\t<\/div>\n\t\t\t\t<\/div>\n\t\t\t\t<div class=\"elementor-element elementor-element-8826eae elementor-widget elementor-widget-text-editor\" data-id=\"8826eae\" data-element_type=\"widget\" data-widget_type=\"text-editor.default\">\n\t\t\t\t<div class=\"elementor-widget-container\">\n\t\t\t\t\t\t\t\t\t<h5><strong>Posiciones<\/strong><\/h5><p>\u00b7 Profesor Asociado &#8211; Departamento de Matem\u00e1tica, Universidad del B\u00edo-B\u00edo, Chile &#8211; 2017 a la fecha<\/p><p>\u00b7 Profesor Asistente &#8211; Departamento de Matem\u00e1tica, Universidad del B\u00edo-B\u00edo, Chile &#8211; 2011 a 2017<\/p><p>\u00b7 Postdoctoral Fellow &#8211; Mathematics Department, University of British Columbia, Canada &#8211; 2011 &#8211; 2012.<br \/>Supervised by Dominik Sch\u00f6tzau<\/p><p>\u00b7 Investigador Asociado &#8211; Centro de Investigaci\u00f3n en Ingenier\u00eda Matem\u00e1tica, CI\u00b2MA, Universidad de Concepci\u00f3n, Chile &#8211; 2011 a la fecha<\/p>\t\t\t\t\t\t\t\t<\/div>\n\t\t\t\t<\/div>\n\t\t\t\t<\/div>\n\t\t\t\t\t<\/div>\n\t\t\t\t<\/div>\n\t\t<div class=\"elementor-element elementor-element-0895717 e-flex e-con-boxed e-con e-parent\" data-id=\"0895717\" data-element_type=\"container\">\n\t\t\t\t\t<div class=\"e-con-inner\">\n\t\t\t\t<div class=\"elementor-element elementor-element-e3ff748 elementor-widget-divider--view-line elementor-widget elementor-widget-divider\" data-id=\"e3ff748\" data-element_type=\"widget\" data-widget_type=\"divider.default\">\n\t\t\t\t<div class=\"elementor-widget-container\">\n\t\t\t\t\t\t\t<div class=\"elementor-divider\">\n\t\t\t<span class=\"elementor-divider-separator\">\n\t\t\t\t\t\t<\/span>\n\t\t<\/div>\n\t\t\t\t\t\t<\/div>\n\t\t\t\t<\/div>\n\t\t\t\t<div class=\"elementor-element elementor-element-638f1ea elementor-widget elementor-widget-text-editor\" data-id=\"638f1ea\" data-element_type=\"widget\" data-widget_type=\"text-editor.default\">\n\t\t\t\t<div class=\"elementor-widget-container\">\n\t\t\t\t\t\t\t\t\t<h3>Publicaciones<\/h3><p><b style=\"font-style: inherit;\">Pre Publicaciones<\/b><\/p><div class=\"column six\"><div class=\"small-icon-text clear-after\"><p class=\"text-xs\">Lista de Pre-Publicaciones, ordenadas por a\u00f1o de ocurrencia, a partir de 2009, fecha de creaci\u00f3n del Centro de Investigaci\u00f3n en Ingenier\u00eda Matem\u00e1tica (CI\u00b2MA). Al hacer LINK en el n\u00famero de una determinada Pre-Publicaci\u00f3n se obtiene el resumen, el acceso al archivo .pdf respectivo, y la(s) publicaci\u00f3n(es) definitiva(s) a las que ella ha dado origen. A su vez, al hacer LINK en un determinado co-autor se despliegan todas sus Pre-Publicaciones disponibles en esta base de datos.<br \/><br \/><a href=\"https:\/\/www.ci2ma.udec.cl\/publicaciones\/prepublicaciones\/porautor.php?autor=175\" target=\"new\"><i class=\"fa fa-download\" aria-hidden=\"true\"><\/i>\u00a0Ver<\/a><\/p><\/div><\/div><div class=\"column six last\"><div class=\"small-icon red\">\u00a0<\/div><div class=\"small-icon-text clear-after\"><p class=\"text-xs\"><b>Art\u00edculos en Revistas Cient\u00edficas<\/b><br \/>Lista de publicaciones en revistas cient\u00edficas del autor indicado, ordenadas por a\u00f1o de ocurrencia, a partir de 2009, fecha de creaci\u00f3n del Centro de Investigaci\u00f3n en Ingenier\u00eda Matem\u00e1tica (CI\u00b2MA). Al hacer LINK en el logo de MathScinet ubicado a la derecha, se despliegan todas las publicaciones de este autor en dicha base de datos de la AMS. A su vez, al hacer LINK en un determinado co-autor se despliegan todas sus publicaciones disponibles en la presente base de datos.<br \/><br \/><a href=\"https:\/\/www.ci2ma.udec.cl\/publicaciones\/articulosrevistas\/porautor.php?autor=175\" target=\"new\"><i class=\"fa fa-download\" aria-hidden=\"true\"><\/i>\u00a0Ver<\/a><\/p><\/div><\/div>\t\t\t\t\t\t\t\t<\/div>\n\t\t\t\t<\/div>\n\t\t\t\t\t<\/div>\n\t\t\t\t<\/div>\n\t\t\t\t<\/div>\n\t\t","protected":false},"excerpt":{"rendered":"<p>Dr Ricardo Oyarz\u00faa V. Director Departamento de Matem\u00e1tica Facultad de Ciencias Universidad del B\u00edo-B\u00edo &#8220;Nuestro principal objetivo es desarrollar nuevos [&hellip;]<\/p>\n","protected":false},"author":1,"featured_media":0,"parent":0,"menu_order":0,"comment_status":"closed","ping_status":"closed","template":"","meta":{"_eb_attr":"","_uag_custom_page_level_css":"","site-sidebar-layout":"no-sidebar","site-content-layout":"","ast-site-content-layout":"full-width-container","site-content-style":"default","site-sidebar-style":"default","ast-global-header-display":"","ast-banner-title-visibility":"","ast-main-header-display":"","ast-hfb-above-header-display":"","ast-hfb-below-header-display":"","ast-hfb-mobile-header-display":"","site-post-title":"disabled","ast-breadcrumbs-content":"","ast-featured-img":"disabled","footer-sml-layout":"","theme-transparent-header-meta":"","adv-header-id-meta":"","stick-header-meta":"","header-above-stick-meta":"","header-main-stick-meta":"","header-below-stick-meta":"","astra-migrate-meta-layouts":"default","ast-page-background-enabled":"default","ast-page-background-meta":{"desktop":{"background-color":"var(--ast-global-color-5)","background-image":"","background-repeat":"repeat","background-position":"center center","background-size":"auto","background-attachment":"scroll","background-type":"","background-media":"","overlay-type":"","overlay-color":"","overlay-opacity":"","overlay-gradient":""},"tablet":{"background-color":"","background-image":"","background-repeat":"repeat","background-position":"center center","background-size":"auto","background-attachment":"scroll","background-type":"","background-media":"","overlay-type":"","overlay-color":"","overlay-opacity":"","overlay-gradient":""},"mobile":{"background-color":"","background-image":"","background-repeat":"repeat","background-position":"center center","background-size":"auto","background-attachment":"scroll","background-type":"","background-media":"","overlay-type":"","overlay-color":"","overlay-opacity":"","overlay-gradient":""}},"ast-content-background-meta":{"desktop":{"background-color":"var(--ast-global-color-4)","background-image":"","background-repeat":"repeat","background-position":"center center","background-size":"auto","background-attachment":"scroll","background-type":"","background-media":"","overlay-type":"","overlay-color":"","overlay-opacity":"","overlay-gradient":""},"tablet":{"background-color":"var(--ast-global-color-4)","background-image":"","background-repeat":"repeat","background-position":"center center","background-size":"auto","background-attachment":"scroll","background-type":"","background-media":"","overlay-type":"","overlay-color":"","overlay-opacity":"","overlay-gradient":""},"mobile":{"background-color":"var(--ast-global-color-4)","background-image":"","background-repeat":"repeat","background-position":"center center","background-size":"auto","background-attachment":"scroll","background-type":"","background-media":"","overlay-type":"","overlay-color":"","overlay-opacity":"","overlay-gradient":""}},"footnotes":""},"class_list":["post-648","page","type-page","status-publish","hentry"],"uagb_featured_image_src":{"full":false,"thumbnail":false,"medium":false,"medium_large":false,"large":false,"1536x1536":false,"2048x2048":false},"uagb_author_info":{"display_name":"dsalt","author_link":"https:\/\/dsalt.ciencias.ubiobio.cl\/index.php\/author\/dsalt\/"},"uagb_comment_info":0,"uagb_excerpt":"Dr Ricardo Oyarz\u00faa V. Director Departamento de Matem\u00e1tica Facultad de Ciencias Universidad del B\u00edo-B\u00edo &#8220;Nuestro principal objetivo es desarrollar nuevos [&hellip;]","_links":{"self":[{"href":"https:\/\/dsalt.ciencias.ubiobio.cl\/index.php\/wp-json\/wp\/v2\/pages\/648","targetHints":{"allow":["GET"]}}],"collection":[{"href":"https:\/\/dsalt.ciencias.ubiobio.cl\/index.php\/wp-json\/wp\/v2\/pages"}],"about":[{"href":"https:\/\/dsalt.ciencias.ubiobio.cl\/index.php\/wp-json\/wp\/v2\/types\/page"}],"author":[{"embeddable":true,"href":"https:\/\/dsalt.ciencias.ubiobio.cl\/index.php\/wp-json\/wp\/v2\/users\/1"}],"replies":[{"embeddable":true,"href":"https:\/\/dsalt.ciencias.ubiobio.cl\/index.php\/wp-json\/wp\/v2\/comments?post=648"}],"version-history":[{"count":10,"href":"https:\/\/dsalt.ciencias.ubiobio.cl\/index.php\/wp-json\/wp\/v2\/pages\/648\/revisions"}],"predecessor-version":[{"id":673,"href":"https:\/\/dsalt.ciencias.ubiobio.cl\/index.php\/wp-json\/wp\/v2\/pages\/648\/revisions\/673"}],"wp:attachment":[{"href":"https:\/\/dsalt.ciencias.ubiobio.cl\/index.php\/wp-json\/wp\/v2\/media?parent=648"}],"curies":[{"name":"wp","href":"https:\/\/api.w.org\/{rel}","templated":true}]}}