{"id":578,"date":"2025-06-10T13:26:07","date_gmt":"2025-06-10T16:26:07","guid":{"rendered":"https:\/\/dsalt.ciencias.ubiobio.cl\/?page_id=578"},"modified":"2025-06-10T13:27:51","modified_gmt":"2025-06-10T16:27:51","slug":"dsalt-en-medios","status":"publish","type":"page","link":"https:\/\/dsalt.ciencias.ubiobio.cl\/index.php\/dsalt-en-medios\/","title":{"rendered":"Dsalt en Medios"},"content":{"rendered":"\t\t<div data-elementor-type=\"wp-page\" data-elementor-id=\"578\" class=\"elementor elementor-578\">\n\t\t\t\t<div class=\"elementor-element elementor-element-abe7dd5 e-flex e-con-boxed e-con e-parent\" data-id=\"abe7dd5\" data-element_type=\"container\">\n\t\t\t\t\t<div class=\"e-con-inner\">\n\t\t\t\t<div class=\"elementor-element elementor-element-9775ceb elementor-widget elementor-widget-heading\" data-id=\"9775ceb\" data-element_type=\"widget\" data-widget_type=\"heading.default\">\n\t\t\t\t<div class=\"elementor-widget-container\">\n\t\t\t\t\t<h2 class=\"elementor-heading-title elementor-size-default\">Dsalt en Medios<\/h2>\t\t\t\t<\/div>\n\t\t\t\t<\/div>\n\t\t\t\t<div class=\"elementor-element elementor-element-93bdbb9 elementor-widget elementor-widget-text-editor\" data-id=\"93bdbb9\" data-element_type=\"widget\" data-widget_type=\"text-editor.default\">\n\t\t\t\t<div class=\"elementor-widget-container\">\n\t\t\t\t\t\t\t\t\t<div class=\"column twelve last\"><article class=\"clear-after\"><div class=\"column twelve last\"><p><a href=\"https:\/\/www.diarioconcepcion.cl\/ciencia-y-sociedad\/2022\/04\/14\/modelos-matematicos-para-aportar-a-proceso-de-desalinizar-agua.html\" target=\"new\">Modelos matem\u00e1ticos, para aportar a proceso de desalinizar agua.<\/a><\/p><h5>Diario Concepci\u00f3n 14 de abril de 2022<\/h5><h5>A trav\u00e9s de un proyecto Anillo en que participan la UBB, UdeC y Ucsc, cient\u00edficos de distintas disciplinas desarrollar\u00e1n una en torno a una tem\u00e1tica vital para Chile y el mundo ante escenario de d\u00e9ficit h\u00eddrico.<\/h5><h5><a href=\"https:\/\/www.diarioconcepcion.cl\/ciencia-y-sociedad\/2022\/04\/14\/modelos-matematicos-para-aportar-a-proceso-de-desalinizar-agua.html\" target=\"new\"> <i class=\"fa fa-search\" aria-hidden=\"true\"><\/i> Ver m\u00e1s<\/a><\/h5><\/div><div class=\"clear\">\u00a0<\/div><\/article><br \/><article class=\"clear-after\"><div class=\"column twelve last\"><p><a href=\"https:\/\/www.cienciaenchile.cl\/investigador-de-postdoctorado-se-incorporo-a-anillo-de-matematicas-para-desalinizacion-de-aguascx\/\" target=\"new\">Investigador de postdoctorado se incorpor\u00f3 a Anillo de matem\u00e1ticas para desalinizaci\u00f3n de aguas.<\/a><\/p><h5>Ciencia en Chile, 22 de mayo de 2022<\/h5><h5>Cient\u00edfico colombiano destaca la importancia de aplicaciones computacionales para abordar desaf\u00edos as\u00ed de complejos.<\/h5><h5><a href=\"https:\/\/www.cienciaenchile.cl\/investigador-de-postdoctorado-se-incorporo-a-anillo-de-matematicas-para-desalinizacion-de-aguascx\/\" target=\"new\"> <i class=\"fa fa-search\" aria-hidden=\"true\"><\/i> Ver m\u00e1s<\/a><\/h5><\/div><div class=\"clear\">\u00a0<\/div><\/article><br \/><article class=\"clear-after last\"><div class=\"column twelve last\"><p><a href=\"https:\/\/www.crhiam.cl\/dsalt-lanzo-proyecto-que-aporta-a-enfrentar-la-escasez-hidrica-desde-las-matematicas\/\" target=\"new\">DSalt lanz\u00f3 proyecto que aporta a enfrentar la escacez h\u00eddrica desde las matem\u00e1ticas.<\/a><\/p><h5>CRHIAM, 17 de Agosto de 2022<\/h5><h5>El nuevo Proyecto Anillo de la Agencia Nacional de Investigaci\u00f3n y Desarrollo, realiz\u00f3 el lanzamiento su lanzamiento oficial titulado dsalt: Matem\u00e1tica Computacional de Procesos de Desalinizaci\u00f3n (ACT210087).<\/h5><h5><a href=\"https:\/\/www.crhiam.cl\/dsalt-lanzo-proyecto-que-aporta-a-enfrentar-la-escasez-hidrica-desde-las-matematicas\/\" target=\"new\"> <i class=\"fa fa-search\" aria-hidden=\"true\"><\/i> Ver m\u00e1s<\/a><\/h5><\/div><div class=\"clear\">\u00a0<\/div><\/article><\/div><div class=\"clear\">\u00a0<\/div>\t\t\t\t\t\t\t\t<\/div>\n\t\t\t\t<\/div>\n\t\t\t\t\t<\/div>\n\t\t\t\t<\/div>\n\t\t\t\t<\/div>\n\t\t","protected":false},"excerpt":{"rendered":"<p>Dsalt en Medios Modelos matem\u00e1ticos, para aportar a proceso de desalinizar agua. Diario Concepci\u00f3n 14 de abril de 2022 A [&hellip;]<\/p>\n","protected":false},"author":1,"featured_media":0,"parent":0,"menu_order":0,"comment_status":"closed","ping_status":"closed","template":"","meta":{"_eb_attr":"","_uag_custom_page_level_css":"","site-sidebar-layout":"no-sidebar","site-content-layout":"","ast-site-content-layout":"full-width-container","site-content-style":"default","site-sidebar-style":"default","ast-global-header-display":"","ast-banner-title-visibility":"","ast-main-header-display":"","ast-hfb-above-header-display":"","ast-hfb-below-header-display":"","ast-hfb-mobile-header-display":"","site-post-title":"disabled","ast-breadcrumbs-content":"","ast-featured-img":"disabled","footer-sml-layout":"","theme-transparent-header-meta":"","adv-header-id-meta":"","stick-header-meta":"","header-above-stick-meta":"","header-main-stick-meta":"","header-below-stick-meta":"","astra-migrate-meta-layouts":"default","ast-page-background-enabled":"default","ast-page-background-meta":{"desktop":{"background-color":"var(--ast-global-color-5)","background-image":"","background-repeat":"repeat","background-position":"center center","background-size":"auto","background-attachment":"scroll","background-type":"","background-media":"","overlay-type":"","overlay-color":"","overlay-opacity":"","overlay-gradient":""},"tablet":{"background-color":"","background-image":"","background-repeat":"repeat","background-position":"center center","background-size":"auto","background-attachment":"scroll","background-type":"","background-media":"","overlay-type":"","overlay-color":"","overlay-opacity":"","overlay-gradient":""},"mobile":{"background-color":"","background-image":"","background-repeat":"repeat","background-position":"center center","background-size":"auto","background-attachment":"scroll","background-type":"","background-media":"","overlay-type":"","overlay-color":"","overlay-opacity":"","overlay-gradient":""}},"ast-content-background-meta":{"desktop":{"background-color":"var(--ast-global-color-4)","background-image":"","background-repeat":"repeat","background-position":"center center","background-size":"auto","background-attachment":"scroll","background-type":"","background-media":"","overlay-type":"","overlay-color":"","overlay-opacity":"","overlay-gradient":""},"tablet":{"background-color":"var(--ast-global-color-4)","background-image":"","background-repeat":"repeat","background-position":"center center","background-size":"auto","background-attachment":"scroll","background-type":"","background-media":"","overlay-type":"","overlay-color":"","overlay-opacity":"","overlay-gradient":""},"mobile":{"background-color":"var(--ast-global-color-4)","background-image":"","background-repeat":"repeat","background-position":"center center","background-size":"auto","background-attachment":"scroll","background-type":"","background-media":"","overlay-type":"","overlay-color":"","overlay-opacity":"","overlay-gradient":""}},"footnotes":""},"class_list":["post-578","page","type-page","status-publish","hentry"],"uagb_featured_image_src":{"full":false,"thumbnail":false,"medium":false,"medium_large":false,"large":false,"1536x1536":false,"2048x2048":false},"uagb_author_info":{"display_name":"dsalt","author_link":"https:\/\/dsalt.ciencias.ubiobio.cl\/index.php\/author\/dsalt\/"},"uagb_comment_info":0,"uagb_excerpt":"Dsalt en Medios Modelos matem\u00e1ticos, para aportar a proceso de desalinizar agua. Diario Concepci\u00f3n 14 de abril de 2022 A [&hellip;]","_links":{"self":[{"href":"https:\/\/dsalt.ciencias.ubiobio.cl\/index.php\/wp-json\/wp\/v2\/pages\/578","targetHints":{"allow":["GET"]}}],"collection":[{"href":"https:\/\/dsalt.ciencias.ubiobio.cl\/index.php\/wp-json\/wp\/v2\/pages"}],"about":[{"href":"https:\/\/dsalt.ciencias.ubiobio.cl\/index.php\/wp-json\/wp\/v2\/types\/page"}],"author":[{"embeddable":true,"href":"https:\/\/dsalt.ciencias.ubiobio.cl\/index.php\/wp-json\/wp\/v2\/users\/1"}],"replies":[{"embeddable":true,"href":"https:\/\/dsalt.ciencias.ubiobio.cl\/index.php\/wp-json\/wp\/v2\/comments?post=578"}],"version-history":[{"count":4,"href":"https:\/\/dsalt.ciencias.ubiobio.cl\/index.php\/wp-json\/wp\/v2\/pages\/578\/revisions"}],"predecessor-version":[{"id":582,"href":"https:\/\/dsalt.ciencias.ubiobio.cl\/index.php\/wp-json\/wp\/v2\/pages\/578\/revisions\/582"}],"wp:attachment":[{"href":"https:\/\/dsalt.ciencias.ubiobio.cl\/index.php\/wp-json\/wp\/v2\/media?parent=578"}],"curies":[{"name":"wp","href":"https:\/\/api.w.org\/{rel}","templated":true}]}}