{"id":566,"date":"2025-06-10T13:13:32","date_gmt":"2025-06-10T16:13:32","guid":{"rendered":"https:\/\/dsalt.ciencias.ubiobio.cl\/?page_id=566"},"modified":"2025-06-10T23:48:06","modified_gmt":"2025-06-11T02:48:06","slug":"quienes-somos","status":"publish","type":"page","link":"https:\/\/dsalt.ciencias.ubiobio.cl\/index.php\/quienes-somos\/","title":{"rendered":"Qui\u00e9nes Somos"},"content":{"rendered":"\t\t<div data-elementor-type=\"wp-page\" data-elementor-id=\"566\" class=\"elementor elementor-566\">\n\t\t\t\t<div class=\"elementor-element elementor-element-bad13cb e-flex e-con-boxed e-con e-parent\" data-id=\"bad13cb\" data-element_type=\"container\">\n\t\t\t\t\t<div class=\"e-con-inner\">\n\t\t\t\t<div class=\"elementor-element elementor-element-6f082a2 elementor-widget elementor-widget-heading\" data-id=\"6f082a2\" data-element_type=\"widget\" data-widget_type=\"heading.default\">\n\t\t\t\t<div class=\"elementor-widget-container\">\n\t\t\t\t\t<h2 class=\"elementor-heading-title elementor-size-default\">Qui\u00e9nes Somos<\/h2>\t\t\t\t<\/div>\n\t\t\t\t<\/div>\n\t\t\t\t\t<\/div>\n\t\t\t\t<\/div>\n\t\t<div class=\"elementor-element elementor-element-cc4be59 e-flex e-con-boxed e-con e-parent\" data-id=\"cc4be59\" data-element_type=\"container\">\n\t\t\t\t\t<div class=\"e-con-inner\">\n\t\t\t\t<div class=\"elementor-element elementor-element-8b5a358 elementor-widget elementor-widget-text-editor\" data-id=\"8b5a358\" data-element_type=\"widget\" data-widget_type=\"text-editor.default\">\n\t\t\t\t<div class=\"elementor-widget-container\">\n\t\t\t\t\t\t\t\t\t<p>Somos un grupo de investigaci\u00f3n compuesto por acad\u00e9micos y acad\u00e9micas de la Universidad del B\u00edo- B\u00edo, Universidad de Concepci\u00f3n, y Universidad Cat\u00f3lica de la Sant\u00edsima Concepci\u00f3n<\/p><p>Al alero del Proyecto Anillo dsalt: Matem\u00e1tica computacional para procesos de desalinizaci\u00f3n (ACT ACT210087) de la Agencia Nacional de Investigaci\u00f3n y Desarrollo, ANID, nuestro trabajo se concentra en el an\u00e1lisis matem\u00e1tico e implementaci\u00f3n computacional de esquemas num\u00e9ricos que permitan simular computacionalmente procesos de desalinizaci\u00f3n de agua de mar, con particular \u00e9nfasis en sistemas de separaci\u00f3n por membrana.<\/p><p>Nuestro principal objetivo es desarrollar nuevos algoritmos computacionales m\u00e1s eficientes, con los cuales se puedan desarrollar softwares que le permitan a los desarrolladores de tecnolog\u00eda asociada a procesos de desalinizaci\u00f3n, tomar decisiones a un bajo costo, en base a simulaciones confiables.<\/p><p>Entre los esquemas num\u00e9ricos que estudiaremos, se encuentran los m\u00e9todos de elementos finitos primales y mixtos, m\u00e9todos de Galerkin discontinuo, m\u00e9todos de Galerkin discontinuo hibridizable y m\u00e9todos de elementos virtuales.<\/p>\t\t\t\t\t\t\t\t<\/div>\n\t\t\t\t<\/div>\n\t\t\t\t<div class=\"elementor-element elementor-element-025e04f elementor-widget-divider--view-line elementor-widget elementor-widget-divider\" data-id=\"025e04f\" data-element_type=\"widget\" data-widget_type=\"divider.default\">\n\t\t\t\t<div class=\"elementor-widget-container\">\n\t\t\t\t\t\t\t<div class=\"elementor-divider\">\n\t\t\t<span class=\"elementor-divider-separator\">\n\t\t\t\t\t\t<\/span>\n\t\t<\/div>\n\t\t\t\t\t\t<\/div>\n\t\t\t\t<\/div>\n\t\t\t\t\t<\/div>\n\t\t\t\t<\/div>\n\t\t<div class=\"elementor-element elementor-element-0e651c0 e-flex e-con-boxed e-con e-parent\" data-id=\"0e651c0\" data-element_type=\"container\">\n\t\t\t\t\t<div class=\"e-con-inner\">\n\t\t<div class=\"elementor-element elementor-element-cbfa949 e-con-full e-flex e-con e-child\" data-id=\"cbfa949\" data-element_type=\"container\">\n\t\t\t\t<div class=\"elementor-element elementor-element-74b05c5 elementor-widget elementor-widget-heading\" data-id=\"74b05c5\" data-element_type=\"widget\" data-widget_type=\"heading.default\">\n\t\t\t\t<div class=\"elementor-widget-container\">\n\t\t\t\t\t<h2 class=\"elementor-heading-title elementor-size-default\">Misi\u00f3n<\/h2>\t\t\t\t<\/div>\n\t\t\t\t<\/div>\n\t\t\t\t<div class=\"elementor-element elementor-element-aa6ed9c elementor-widget elementor-widget-text-editor\" data-id=\"aa6ed9c\" data-element_type=\"widget\" data-widget_type=\"text-editor.default\">\n\t\t\t\t<div class=\"elementor-widget-container\">\n\t\t\t\t\t\t\t\t\t<p>Nuestro desaf\u00edo, en el corto plazo, es contar con una serie de esquemas de elementos finitos, analizados matem\u00e1ticamente, y comprobados computacionalmente, que permitan estudiar distintos procesos presentes en la desalinizaci\u00f3n de agua de mar.<\/p>\t\t\t\t\t\t\t\t<\/div>\n\t\t\t\t<\/div>\n\t\t\t\t<\/div>\n\t\t<div class=\"elementor-element elementor-element-5b1d6d3 e-con-full e-flex e-con e-child\" data-id=\"5b1d6d3\" data-element_type=\"container\">\n\t\t\t\t<div class=\"elementor-element elementor-element-15e33c5 elementor-widget elementor-widget-heading\" data-id=\"15e33c5\" data-element_type=\"widget\" data-widget_type=\"heading.default\">\n\t\t\t\t<div class=\"elementor-widget-container\">\n\t\t\t\t\t<h2 class=\"elementor-heading-title elementor-size-default\">Visi\u00f3n<\/h2>\t\t\t\t<\/div>\n\t\t\t\t<\/div>\n\t\t\t\t<div class=\"elementor-element elementor-element-b033eaf elementor-widget elementor-widget-text-editor\" data-id=\"b033eaf\" data-element_type=\"widget\" data-widget_type=\"text-editor.default\">\n\t\t\t\t<div class=\"elementor-widget-container\">\n\t\t\t\t\t\t\t\t\t<p>Proyectamos nuestra investigaci\u00f3n como una contribuci\u00f3n al conocimiento y al desarrollo de la matem\u00e1tica y de la ingenier\u00eda a nivel nacional y mundial, en una problem\u00e1tica tan importante como lo es la escasez h\u00eddrica. Buscamos aportar al desarrollo de nuevas tecnolog\u00edas, m\u00e1s eficientes y con menor impacto medioambiental, para el uso por parte de los distintos sectores productivos y de servicios sanitarios del pa\u00eds.<\/p>\t\t\t\t\t\t\t\t<\/div>\n\t\t\t\t<\/div>\n\t\t\t\t<\/div>\n\t\t\t\t\t<\/div>\n\t\t\t\t<\/div>\n\t\t<div class=\"elementor-element elementor-element-e1e6a2f e-flex e-con-boxed e-con e-parent\" data-id=\"e1e6a2f\" data-element_type=\"container\">\n\t\t\t\t\t<div class=\"e-con-inner\">\n\t\t\t\t<div class=\"elementor-element elementor-element-3f29fae elementor-widget-divider--view-line elementor-widget elementor-widget-divider\" data-id=\"3f29fae\" data-element_type=\"widget\" data-widget_type=\"divider.default\">\n\t\t\t\t<div class=\"elementor-widget-container\">\n\t\t\t\t\t\t\t<div class=\"elementor-divider\">\n\t\t\t<span class=\"elementor-divider-separator\">\n\t\t\t\t\t\t<\/span>\n\t\t<\/div>\n\t\t\t\t\t\t<\/div>\n\t\t\t\t<\/div>\n\t\t\t\t\t<\/div>\n\t\t\t\t<\/div>\n\t\t<div class=\"elementor-element elementor-element-23427c6 e-flex e-con-boxed e-con e-parent\" data-id=\"23427c6\" data-element_type=\"container\">\n\t\t\t\t\t<div class=\"e-con-inner\">\n\t\t<div class=\"elementor-element elementor-element-9749f95 e-con-full e-flex e-con e-child\" data-id=\"9749f95\" data-element_type=\"container\">\n\t\t\t\t<div class=\"elementor-element elementor-element-252bdf0 elementor-widget elementor-widget-heading\" data-id=\"252bdf0\" data-element_type=\"widget\" data-widget_type=\"heading.default\">\n\t\t\t\t<div class=\"elementor-widget-container\">\n\t\t\t\t\t<h2 class=\"elementor-heading-title elementor-size-default\">Instituciones \nAsociadas<\/h2>\t\t\t\t<\/div>\n\t\t\t\t<\/div>\n\t\t\t\t<div class=\"elementor-element elementor-element-784317d elementor-widget elementor-widget-text-editor\" data-id=\"784317d\" data-element_type=\"widget\" data-widget_type=\"text-editor.default\">\n\t\t\t\t<div class=\"elementor-widget-container\">\n\t\t\t\t\t\t\t\t\t<p>\u00b7 Universidad del B\u00edo-B\u00edo<br \/>\u00b7 Universidad de Concepci\u00f3n<br \/>\u00b7 Universidad Cat\u00f3lica de la Sant\u00edsima Concepci\u00f3n<\/p>\t\t\t\t\t\t\t\t<\/div>\n\t\t\t\t<\/div>\n\t\t\t\t<\/div>\n\t\t<div class=\"elementor-element elementor-element-f7daca8 e-con-full e-flex e-con e-child\" data-id=\"f7daca8\" data-element_type=\"container\">\n\t\t\t\t<div class=\"elementor-element elementor-element-ea19e22 elementor-widget elementor-widget-heading\" data-id=\"ea19e22\" data-element_type=\"widget\" data-widget_type=\"heading.default\">\n\t\t\t\t<div class=\"elementor-widget-container\">\n\t\t\t\t\t<h2 class=\"elementor-heading-title elementor-size-default\">Patrocina<\/h2>\t\t\t\t<\/div>\n\t\t\t\t<\/div>\n\t\t\t\t<div class=\"elementor-element elementor-element-26e5a87 elementor-widget elementor-widget-text-editor\" data-id=\"26e5a87\" data-element_type=\"widget\" data-widget_type=\"text-editor.default\">\n\t\t\t\t<div class=\"elementor-widget-container\">\n\t\t\t\t\t\t\t\t\t<p>\u00b7 Agencia Nacional de Investigaci\u00f3n y Desarrollo<\/p>\t\t\t\t\t\t\t\t<\/div>\n\t\t\t\t<\/div>\n\t\t\t\t<\/div>\n\t\t\t\t\t<\/div>\n\t\t\t\t<\/div>\n\t\t\t\t<\/div>\n\t\t","protected":false},"excerpt":{"rendered":"<p>Qui\u00e9nes Somos Somos un grupo de investigaci\u00f3n compuesto por acad\u00e9micos y acad\u00e9micas de la Universidad del B\u00edo- B\u00edo, Universidad de [&hellip;]<\/p>\n","protected":false},"author":1,"featured_media":0,"parent":0,"menu_order":0,"comment_status":"closed","ping_status":"closed","template":"","meta":{"_eb_attr":"","_uag_custom_page_level_css":"","site-sidebar-layout":"no-sidebar","site-content-layout":"","ast-site-content-layout":"full-width-container","site-content-style":"default","site-sidebar-style":"default","ast-global-header-display":"","ast-banner-title-visibility":"","ast-main-header-display":"","ast-hfb-above-header-display":"","ast-hfb-below-header-display":"","ast-hfb-mobile-header-display":"","site-post-title":"disabled","ast-breadcrumbs-content":"","ast-featured-img":"disabled","footer-sml-layout":"","theme-transparent-header-meta":"","adv-header-id-meta":"","stick-header-meta":"","header-above-stick-meta":"","header-main-stick-meta":"","header-below-stick-meta":"","astra-migrate-meta-layouts":"default","ast-page-background-enabled":"default","ast-page-background-meta":{"desktop":{"background-color":"var(--ast-global-color-5)","background-image":"","background-repeat":"repeat","background-position":"center center","background-size":"auto","background-attachment":"scroll","background-type":"","background-media":"","overlay-type":"","overlay-color":"","overlay-opacity":"","overlay-gradient":""},"tablet":{"background-color":"","background-image":"","background-repeat":"repeat","background-position":"center center","background-size":"auto","background-attachment":"scroll","background-type":"","background-media":"","overlay-type":"","overlay-color":"","overlay-opacity":"","overlay-gradient":""},"mobile":{"background-color":"","background-image":"","background-repeat":"repeat","background-position":"center center","background-size":"auto","background-attachment":"scroll","background-type":"","background-media":"","overlay-type":"","overlay-color":"","overlay-opacity":"","overlay-gradient":""}},"ast-content-background-meta":{"desktop":{"background-color":"var(--ast-global-color-4)","background-image":"","background-repeat":"repeat","background-position":"center center","background-size":"auto","background-attachment":"scroll","background-type":"","background-media":"","overlay-type":"","overlay-color":"","overlay-opacity":"","overlay-gradient":""},"tablet":{"background-color":"var(--ast-global-color-4)","background-image":"","background-repeat":"repeat","background-position":"center center","background-size":"auto","background-attachment":"scroll","background-type":"","background-media":"","overlay-type":"","overlay-color":"","overlay-opacity":"","overlay-gradient":""},"mobile":{"background-color":"var(--ast-global-color-4)","background-image":"","background-repeat":"repeat","background-position":"center center","background-size":"auto","background-attachment":"scroll","background-type":"","background-media":"","overlay-type":"","overlay-color":"","overlay-opacity":"","overlay-gradient":""}},"footnotes":""},"class_list":["post-566","page","type-page","status-publish","hentry"],"uagb_featured_image_src":{"full":false,"thumbnail":false,"medium":false,"medium_large":false,"large":false,"1536x1536":false,"2048x2048":false},"uagb_author_info":{"display_name":"dsalt","author_link":"https:\/\/dsalt.ciencias.ubiobio.cl\/index.php\/author\/dsalt\/"},"uagb_comment_info":0,"uagb_excerpt":"Qui\u00e9nes Somos Somos un grupo de investigaci\u00f3n compuesto por acad\u00e9micos y acad\u00e9micas de la Universidad del B\u00edo- B\u00edo, Universidad de [&hellip;]","_links":{"self":[{"href":"https:\/\/dsalt.ciencias.ubiobio.cl\/index.php\/wp-json\/wp\/v2\/pages\/566","targetHints":{"allow":["GET"]}}],"collection":[{"href":"https:\/\/dsalt.ciencias.ubiobio.cl\/index.php\/wp-json\/wp\/v2\/pages"}],"about":[{"href":"https:\/\/dsalt.ciencias.ubiobio.cl\/index.php\/wp-json\/wp\/v2\/types\/page"}],"author":[{"embeddable":true,"href":"https:\/\/dsalt.ciencias.ubiobio.cl\/index.php\/wp-json\/wp\/v2\/users\/1"}],"replies":[{"embeddable":true,"href":"https:\/\/dsalt.ciencias.ubiobio.cl\/index.php\/wp-json\/wp\/v2\/comments?post=566"}],"version-history":[{"count":13,"href":"https:\/\/dsalt.ciencias.ubiobio.cl\/index.php\/wp-json\/wp\/v2\/pages\/566\/revisions"}],"predecessor-version":[{"id":635,"href":"https:\/\/dsalt.ciencias.ubiobio.cl\/index.php\/wp-json\/wp\/v2\/pages\/566\/revisions\/635"}],"wp:attachment":[{"href":"https:\/\/dsalt.ciencias.ubiobio.cl\/index.php\/wp-json\/wp\/v2\/media?parent=566"}],"curies":[{"name":"wp","href":"https:\/\/api.w.org\/{rel}","templated":true}]}}