{"id":477,"date":"2025-06-09T16:20:39","date_gmt":"2025-06-09T19:20:39","guid":{"rendered":"https:\/\/dsalt.ciencias.ubiobio.cl\/?page_id=477"},"modified":"2025-06-09T17:20:52","modified_gmt":"2025-06-09T20:20:52","slug":"equipo","status":"publish","type":"page","link":"https:\/\/dsalt.ciencias.ubiobio.cl\/index.php\/equipo\/","title":{"rendered":"Equipo"},"content":{"rendered":"\t\t<div data-elementor-type=\"wp-page\" data-elementor-id=\"477\" class=\"elementor elementor-477\">\n\t\t\t\t<div class=\"elementor-element elementor-element-3732f09 e-flex e-con-boxed e-con e-parent\" data-id=\"3732f09\" data-element_type=\"container\">\n\t\t\t\t\t<div class=\"e-con-inner\">\n\t\t\t\t<div class=\"elementor-element elementor-element-776f5ac elementor-widget elementor-widget-heading\" data-id=\"776f5ac\" data-element_type=\"widget\" data-widget_type=\"heading.default\">\n\t\t\t\t<div class=\"elementor-widget-container\">\n\t\t\t\t\t<h2 class=\"elementor-heading-title elementor-size-default\">Equipo<\/h2>\t\t\t\t<\/div>\n\t\t\t\t<\/div>\n\t\t\t\t\t<\/div>\n\t\t\t\t<\/div>\n\t\t<div class=\"elementor-element elementor-element-239bce7 e-grid e-con-boxed e-con e-parent\" data-id=\"239bce7\" data-element_type=\"container\">\n\t\t\t\t\t<div class=\"e-con-inner\">\n\t\t\t\t<div class=\"elementor-element elementor-element-05061cf elementor-widget elementor-widget-text-editor\" data-id=\"05061cf\" data-element_type=\"widget\" data-widget_type=\"text-editor.default\">\n\t\t\t\t<div class=\"elementor-widget-container\">\n\t\t\t\t\t\t\t\t\t<h5>MSc. Nicol\u00e1s Carro A.<\/h5><p class=\"text-xs\"><strong>Personal T\u00e9cnico.<\/strong><br \/>Departamento de Matem\u00e1tica<br \/>Facultad de Ciencias.<br \/>Universidad del B\u00edo-B\u00edo.<\/p>\t\t\t\t\t\t\t\t<\/div>\n\t\t\t\t<\/div>\n\t\t\t\t<div class=\"elementor-element elementor-element-f1a98a3 elementor-widget elementor-widget-text-editor\" data-id=\"f1a98a3\" data-element_type=\"widget\" data-widget_type=\"text-editor.default\">\n\t\t\t\t<div class=\"elementor-widget-container\">\n\t\t\t\t\t\t\t\t\t<h5>Dr. Jes\u00fas Velloj\u00edn M.<\/h5><p class=\"text-xs\"><strong>Investigador de Postdoctorado.<\/strong><br \/>Departamento de Matem\u00e1tica<br \/>Facultad de Ciencias.<br \/>Universidad del B\u00edo-B\u00edo.<\/p>\t\t\t\t\t\t\t\t<\/div>\n\t\t\t\t<\/div>\n\t\t\t\t<div class=\"elementor-element elementor-element-59b5599 elementor-widget elementor-widget-text-editor\" data-id=\"59b5599\" data-element_type=\"widget\" data-widget_type=\"text-editor.default\">\n\t\t\t\t<div class=\"elementor-widget-container\">\n\t\t\t\t\t\t\t\t\t<h5>Dr. Segundo Villa F.<\/h5><p class=\"text-xs\"><strong>Ayudante de Investigaci\u00f3n.<\/strong><br \/>Departamento de Matem\u00e1tica<br \/>Facultad de Ciencias.<br \/>Universidad del B\u00edo-B\u00edo.<\/p>\t\t\t\t\t\t\t\t<\/div>\n\t\t\t\t<\/div>\n\t\t\t\t<div class=\"elementor-element elementor-element-4270c39 elementor-widget elementor-widget-text-editor\" data-id=\"4270c39\" data-element_type=\"widget\" data-widget_type=\"text-editor.default\">\n\t\t\t\t<div class=\"elementor-widget-container\">\n\t\t\t\t\t\t\t\t\t<h5>Miguel Ser\u00f3n A.<\/h5><p class=\"text-xs\"><strong>Estudiante de Doctorado Matem\u00e1tica Aplicada.<\/strong><br \/>Departamento de Matem\u00e1tica<br \/>Facultad de Ciencias.<br \/>Universidad del B\u00edo-B\u00edo.<\/p>\t\t\t\t\t\t\t\t<\/div>\n\t\t\t\t<\/div>\n\t\t\t\t<div class=\"elementor-element elementor-element-7cdcd78 elementor-widget elementor-widget-text-editor\" data-id=\"7cdcd78\" data-element_type=\"widget\" data-widget_type=\"text-editor.default\">\n\t\t\t\t<div class=\"elementor-widget-container\">\n\t\t\t\t\t\t\t\t\t<h5>Rub\u00e9n Caraballo D.<\/h5><p class=\"text-xs\"><strong>Estudiante de Doctorado<\/strong><br \/><strong>Matem\u00e1tica Aplicada.<br \/><\/strong><span style=\"font-style: inherit; font-weight: inherit;\">Departamento de Matem\u00e1tica, Facultad de Ciencias.<br \/><\/span><span style=\"font-style: inherit; font-weight: inherit;\">Universidad del B\u00edo-B\u00edo.<\/span><\/p>\t\t\t\t\t\t\t\t<\/div>\n\t\t\t\t<\/div>\n\t\t\t\t<div class=\"elementor-element elementor-element-e791fcd elementor-widget elementor-widget-text-editor\" data-id=\"e791fcd\" data-element_type=\"widget\" data-widget_type=\"text-editor.default\">\n\t\t\t\t<div class=\"elementor-widget-container\">\n\t\t\t\t\t\t\t\t\t<h5>Juan Pablo Ortega P.<\/h5><p class=\"text-xs\"><strong>Estudiante de Doctorado.<\/strong><br \/>Ciencias Aplicadas menci\u00f3n en Ing. Matem\u00e1tica. <br \/>Departamento de Ing. Matem\u00e1tica. <br \/>Facultad de Ciencias F\u00edsicas y Matem\u00e1ticas.<br \/>Universidad de Concepci\u00f3n.<\/p>\t\t\t\t\t\t\t\t<\/div>\n\t\t\t\t<\/div>\n\t\t\t\t<div class=\"elementor-element elementor-element-6d2b146 elementor-widget elementor-widget-text-editor\" data-id=\"6d2b146\" data-element_type=\"widget\" data-widget_type=\"text-editor.default\">\n\t\t\t\t<div class=\"elementor-widget-container\">\n\t\t\t\t\t\t\t\t\t<h5>Nicol\u00e1s Nu\u00f1ez L.<\/h5><p class=\"text-xs\"><strong>Estudiante de Pregrado.<\/strong><br \/>Ingenier\u00eda Civil Matem\u00e1tica, Departamento de Ingenier\u00eda Matem\u00e1tica. <br \/>Facultad de Ciencias F\u00edsicas y Matem\u00e1ticas.<br \/>Universidad de Concepci\u00f3n.<\/p>\t\t\t\t\t\t\t\t<\/div>\n\t\t\t\t<\/div>\n\t\t\t\t<div class=\"elementor-element elementor-element-21261bc elementor-widget elementor-widget-text-editor\" data-id=\"21261bc\" data-element_type=\"widget\" data-widget_type=\"text-editor.default\">\n\t\t\t\t<div class=\"elementor-widget-container\">\n\t\t\t\t\t\t\t\t\t<h5>Lorena Carrasco R.<\/h5><p class=\"text-xs\"><strong>Administrativa<\/strong>. <br \/>Asistente ejecutiva<\/p>\t\t\t\t\t\t\t\t<\/div>\n\t\t\t\t<\/div>\n\t\t\t\t<div class=\"elementor-element elementor-element-147fc38 elementor-widget elementor-widget-text-editor\" data-id=\"147fc38\" data-element_type=\"widget\" data-widget_type=\"text-editor.default\">\n\t\t\t\t<div class=\"elementor-widget-container\">\n\t\t\t\t\t\t\t\t\t<h5>Iv\u00e1n Tobar B.<\/h5><p class=\"text-xs\"><strong>Periodista<\/strong>.<\/p>\t\t\t\t\t\t\t\t<\/div>\n\t\t\t\t<\/div>\n\t\t\t\t<div class=\"elementor-element elementor-element-65ac347 elementor-widget elementor-widget-text-editor\" data-id=\"65ac347\" data-element_type=\"widget\" data-widget_type=\"text-editor.default\">\n\t\t\t\t<div class=\"elementor-widget-container\">\n\t\t\t\t\t\t\t\t\t<h5>\u00c1lvaro De la Barra B.<\/h5><p class=\"text-xs\"><strong>Ingeniero de Proyectos.<\/strong><\/p>\t\t\t\t\t\t\t\t<\/div>\n\t\t\t\t<\/div>\n\t\t\t\t<div class=\"elementor-element elementor-element-0dac14d elementor-widget elementor-widget-text-editor\" data-id=\"0dac14d\" data-element_type=\"widget\" data-widget_type=\"text-editor.default\">\n\t\t\t\t<div class=\"elementor-widget-container\">\n\t\t\t\t\t\t\t\t\t<h5>V\u00edctor M. Valderrama M<\/h5><p class=\"text-xs\"><b>Ingeniero Civil en Informatica<\/b>. <br \/>Servicios TIC, servidores y web<\/p>\t\t\t\t\t\t\t\t<\/div>\n\t\t\t\t<\/div>\n\t\t\t\t\t<\/div>\n\t\t\t\t<\/div>\n\t\t\t\t<\/div>\n\t\t","protected":false},"excerpt":{"rendered":"<p>Equipo MSc. Nicol\u00e1s Carro A. Personal T\u00e9cnico.Departamento de Matem\u00e1ticaFacultad de Ciencias.Universidad del B\u00edo-B\u00edo. Dr. Jes\u00fas Velloj\u00edn M. Investigador de Postdoctorado.Departamento [&hellip;]<\/p>\n","protected":false},"author":1,"featured_media":0,"parent":0,"menu_order":0,"comment_status":"closed","ping_status":"closed","template":"","meta":{"_eb_attr":"","_uag_custom_page_level_css":"","site-sidebar-layout":"no-sidebar","site-content-layout":"","ast-site-content-layout":"full-width-container","site-content-style":"default","site-sidebar-style":"default","ast-global-header-display":"","ast-banner-title-visibility":"","ast-main-header-display":"","ast-hfb-above-header-display":"","ast-hfb-below-header-display":"","ast-hfb-mobile-header-display":"","site-post-title":"disabled","ast-breadcrumbs-content":"","ast-featured-img":"disabled","footer-sml-layout":"","theme-transparent-header-meta":"","adv-header-id-meta":"","stick-header-meta":"","header-above-stick-meta":"","header-main-stick-meta":"","header-below-stick-meta":"","astra-migrate-meta-layouts":"default","ast-page-background-enabled":"default","ast-page-background-meta":{"desktop":{"background-color":"var(--ast-global-color-5)","background-image":"","background-repeat":"repeat","background-position":"center center","background-size":"auto","background-attachment":"scroll","background-type":"","background-media":"","overlay-type":"","overlay-color":"","overlay-opacity":"","overlay-gradient":""},"tablet":{"background-color":"","background-image":"","background-repeat":"repeat","background-position":"center center","background-size":"auto","background-attachment":"scroll","background-type":"","background-media":"","overlay-type":"","overlay-color":"","overlay-opacity":"","overlay-gradient":""},"mobile":{"background-color":"","background-image":"","background-repeat":"repeat","background-position":"center center","background-size":"auto","background-attachment":"scroll","background-type":"","background-media":"","overlay-type":"","overlay-color":"","overlay-opacity":"","overlay-gradient":""}},"ast-content-background-meta":{"desktop":{"background-color":"var(--ast-global-color-4)","background-image":"","background-repeat":"repeat","background-position":"center center","background-size":"auto","background-attachment":"scroll","background-type":"","background-media":"","overlay-type":"","overlay-color":"","overlay-opacity":"","overlay-gradient":""},"tablet":{"background-color":"var(--ast-global-color-4)","background-image":"","background-repeat":"repeat","background-position":"center center","background-size":"auto","background-attachment":"scroll","background-type":"","background-media":"","overlay-type":"","overlay-color":"","overlay-opacity":"","overlay-gradient":""},"mobile":{"background-color":"var(--ast-global-color-4)","background-image":"","background-repeat":"repeat","background-position":"center center","background-size":"auto","background-attachment":"scroll","background-type":"","background-media":"","overlay-type":"","overlay-color":"","overlay-opacity":"","overlay-gradient":""}},"footnotes":""},"class_list":["post-477","page","type-page","status-publish","hentry"],"uagb_featured_image_src":{"full":false,"thumbnail":false,"medium":false,"medium_large":false,"large":false,"1536x1536":false,"2048x2048":false},"uagb_author_info":{"display_name":"dsalt","author_link":"https:\/\/dsalt.ciencias.ubiobio.cl\/index.php\/author\/dsalt\/"},"uagb_comment_info":0,"uagb_excerpt":"Equipo MSc. Nicol\u00e1s Carro A. Personal T\u00e9cnico.Departamento de Matem\u00e1ticaFacultad de Ciencias.Universidad del B\u00edo-B\u00edo. Dr. Jes\u00fas Velloj\u00edn M. Investigador de Postdoctorado.Departamento [&hellip;]","_links":{"self":[{"href":"https:\/\/dsalt.ciencias.ubiobio.cl\/index.php\/wp-json\/wp\/v2\/pages\/477","targetHints":{"allow":["GET"]}}],"collection":[{"href":"https:\/\/dsalt.ciencias.ubiobio.cl\/index.php\/wp-json\/wp\/v2\/pages"}],"about":[{"href":"https:\/\/dsalt.ciencias.ubiobio.cl\/index.php\/wp-json\/wp\/v2\/types\/page"}],"author":[{"embeddable":true,"href":"https:\/\/dsalt.ciencias.ubiobio.cl\/index.php\/wp-json\/wp\/v2\/users\/1"}],"replies":[{"embeddable":true,"href":"https:\/\/dsalt.ciencias.ubiobio.cl\/index.php\/wp-json\/wp\/v2\/comments?post=477"}],"version-history":[{"count":14,"href":"https:\/\/dsalt.ciencias.ubiobio.cl\/index.php\/wp-json\/wp\/v2\/pages\/477\/revisions"}],"predecessor-version":[{"id":510,"href":"https:\/\/dsalt.ciencias.ubiobio.cl\/index.php\/wp-json\/wp\/v2\/pages\/477\/revisions\/510"}],"wp:attachment":[{"href":"https:\/\/dsalt.ciencias.ubiobio.cl\/index.php\/wp-json\/wp\/v2\/media?parent=477"}],"curies":[{"name":"wp","href":"https:\/\/api.w.org\/{rel}","templated":true}]}}