{"id":159,"date":"2025-06-03T16:22:38","date_gmt":"2025-06-03T19:22:38","guid":{"rendered":"https:\/\/ciencias.ubiobio.cl\/dsalt\/?page_id=159"},"modified":"2025-06-08T22:19:32","modified_gmt":"2025-06-09T01:19:32","slug":"noticias","status":"publish","type":"page","link":"https:\/\/dsalt.ciencias.ubiobio.cl\/index.php\/noticias\/","title":{"rendered":"Noticias"},"content":{"rendered":"\t\t<div data-elementor-type=\"wp-page\" data-elementor-id=\"159\" class=\"elementor elementor-159\">\n\t\t\t\t<div class=\"elementor-element elementor-element-de86b92 e-flex e-con-boxed e-con e-parent\" data-id=\"de86b92\" data-element_type=\"container\">\n\t\t\t\t\t<div class=\"e-con-inner\">\n\t\t\t\t<div class=\"elementor-element elementor-element-d01b536 elementor-widget elementor-widget-heading\" data-id=\"d01b536\" data-element_type=\"widget\" data-widget_type=\"heading.default\">\n\t\t\t\t<div class=\"elementor-widget-container\">\n\t\t\t\t\t<h2 class=\"elementor-heading-title elementor-size-default\">NOTICIAS<\/h2>\t\t\t\t<\/div>\n\t\t\t\t<\/div>\n\t\t\t\t\t<\/div>\n\t\t\t\t<\/div>\n\t\t<div class=\"elementor-element elementor-element-878d387 e-flex e-con-boxed e-con e-parent\" data-id=\"878d387\" data-element_type=\"container\">\n\t\t\t\t\t<div class=\"e-con-inner\">\n\t\t\t\t<div class=\"elementor-element elementor-element-9270565 elementor-grid-eael-col-5 elementor-grid-tablet-eael-col-2 elementor-grid-mobile-eael-col-1 elementor-widget elementor-widget-eael-post-grid\" data-id=\"9270565\" data-element_type=\"widget\" data-settings=\"{&quot;eael_post_grid_columns&quot;:&quot;eael-col-5&quot;,&quot;eael_post_grid_columns_tablet&quot;:&quot;eael-col-2&quot;,&quot;eael_post_grid_columns_mobile&quot;:&quot;eael-col-1&quot;}\" data-widget_type=\"eael-post-grid.default\">\n\t\t\t\t<div class=\"elementor-widget-container\">\n\t\t\t\t\t<div id=\"eael-post-grid-9270565\" class=\"eael-post-grid-container\">\n            <div class=\"eael-post-grid eael-post-appender eael-post-appender-9270565 eael-post-grid-style-two\" data-layout-mode=\"grid\"><article class=\"eael-grid-post eael-post-grid-column\" data-id=\"748\">\n    <div class=\"eael-grid-post-holder\">\n        <div class=\"eael-grid-post-holder-inner\"><div class=\"eael-entry-media\"><div class=\"eael-entry-overlay fade-in\"><i class=\"fas fa-long-arrow-alt-right\" aria-hidden=\"true\"><\/i><a href=\"https:\/\/dsalt.ciencias.ubiobio.cl\/index.php\/2025\/06\/26\/cierre\/\"><\/a><\/div><div class=\"eael-entry-thumbnail eael-image-ratio\">\n                            <img fetchpriority=\"high\" decoding=\"async\" width=\"2560\" height=\"1707\" src=\"https:\/\/dsalt.ciencias.ubiobio.cl\/wp-content\/uploads\/2025\/06\/IMG_3975-scaled.jpg\" class=\"attachment-full size-full wp-image-753\" alt=\"\" srcset=\"https:\/\/dsalt.ciencias.ubiobio.cl\/wp-content\/uploads\/2025\/06\/IMG_3975-scaled.jpg 2560w, https:\/\/dsalt.ciencias.ubiobio.cl\/wp-content\/uploads\/2025\/06\/IMG_3975-300x200.jpg 300w, https:\/\/dsalt.ciencias.ubiobio.cl\/wp-content\/uploads\/2025\/06\/IMG_3975-1024x683.jpg 1024w, https:\/\/dsalt.ciencias.ubiobio.cl\/wp-content\/uploads\/2025\/06\/IMG_3975-768x512.jpg 768w, https:\/\/dsalt.ciencias.ubiobio.cl\/wp-content\/uploads\/2025\/06\/IMG_3975-1536x1024.jpg 1536w, https:\/\/dsalt.ciencias.ubiobio.cl\/wp-content\/uploads\/2025\/06\/IMG_3975-2048x1365.jpg 2048w\" sizes=\"(max-width: 2560px) 100vw, 2560px\" \/>\n                            <\/div>\n                    <\/div><div class=\"eael-entry-wrapper\"><header class=\"eael-entry-header\"><h6 class=\"eael-entry-title\"><a class=\"eael-grid-post-link\" href=\"https:\/\/dsalt.ciencias.ubiobio.cl\/index.php\/2025\/06\/26\/cierre\/\" title=\"Cierran Proyecto Anillo DSALT con workshop de presentaci\u00f3n de sus resultados\">Cierran Proyecto Anillo DSALT con workshop de presentaci\u00f3n de sus resultados<\/a><\/h6><\/header><div class=\"eael-entry-content\">\n                                <div class=\"eael-grid-post-excerpt\"><a href=\"https:\/\/dsalt.ciencias.ubiobio.cl\/index.php\/2025\/06\/26\/cierre\/\" class=\"eael-post-elements-readmore-btn\">Leer m\u00e1s<\/a><\/div>\n                            <\/div><\/div><\/div>\n    <\/div>\n<\/article><article class=\"eael-grid-post eael-post-grid-column\" data-id=\"758\">\n    <div class=\"eael-grid-post-holder\">\n        <div class=\"eael-grid-post-holder-inner\"><div class=\"eael-entry-media\"><div class=\"eael-entry-overlay fade-in\"><i class=\"fas fa-long-arrow-alt-right\" aria-hidden=\"true\"><\/i><a href=\"https:\/\/dsalt.ciencias.ubiobio.cl\/index.php\/2025\/06\/18\/director-de-proyecto-anillo-dsalt-presento-en-conferencia-en-hong-kong\/\"><\/a><\/div><div class=\"eael-entry-thumbnail eael-image-ratio\">\n                            <img decoding=\"async\" width=\"1600\" height=\"1200\" src=\"https:\/\/dsalt.ciencias.ubiobio.cl\/wp-content\/uploads\/2025\/07\/CityU.jpeg\" class=\"attachment-full size-full wp-image-759\" alt=\"\" srcset=\"https:\/\/dsalt.ciencias.ubiobio.cl\/wp-content\/uploads\/2025\/07\/CityU.jpeg 1600w, https:\/\/dsalt.ciencias.ubiobio.cl\/wp-content\/uploads\/2025\/07\/CityU-300x225.jpeg 300w, https:\/\/dsalt.ciencias.ubiobio.cl\/wp-content\/uploads\/2025\/07\/CityU-1024x768.jpeg 1024w, https:\/\/dsalt.ciencias.ubiobio.cl\/wp-content\/uploads\/2025\/07\/CityU-768x576.jpeg 768w, https:\/\/dsalt.ciencias.ubiobio.cl\/wp-content\/uploads\/2025\/07\/CityU-1536x1152.jpeg 1536w\" sizes=\"(max-width: 1600px) 100vw, 1600px\" \/>\n                            <\/div>\n                    <\/div><div class=\"eael-entry-wrapper\"><header class=\"eael-entry-header\"><h6 class=\"eael-entry-title\"><a class=\"eael-grid-post-link\" href=\"https:\/\/dsalt.ciencias.ubiobio.cl\/index.php\/2025\/06\/18\/director-de-proyecto-anillo-dsalt-presento-en-conferencia-en-hong-kong\/\" title=\"Director de Proyecto Anillo DSALT present\u00f3 en conferencia en Hong Kong\">Director de Proyecto Anillo DSALT present\u00f3 en conferencia en Hong Kong<\/a><\/h6><\/header><div class=\"eael-entry-content\">\n                                <div class=\"eael-grid-post-excerpt\"><a href=\"https:\/\/dsalt.ciencias.ubiobio.cl\/index.php\/2025\/06\/18\/director-de-proyecto-anillo-dsalt-presento-en-conferencia-en-hong-kong\/\" class=\"eael-post-elements-readmore-btn\">Leer m\u00e1s<\/a><\/div>\n                            <\/div><\/div><\/div>\n    <\/div>\n<\/article><article class=\"eael-grid-post eael-post-grid-column\" data-id=\"304\">\n    <div class=\"eael-grid-post-holder\">\n        <div class=\"eael-grid-post-holder-inner\"><div class=\"eael-entry-media\"><div class=\"eael-entry-overlay fade-in\"><i class=\"fas fa-long-arrow-alt-right\" aria-hidden=\"true\"><\/i><a href=\"https:\/\/dsalt.ciencias.ubiobio.cl\/index.php\/2025\/04\/30\/mas-de-600-escolares-participaron-en-campeonato-escolar-de-matematicas-en-la-ubb\/\"><\/a><\/div><div class=\"eael-entry-thumbnail eael-image-ratio\">\n                            <img decoding=\"async\" width=\"2560\" height=\"1707\" src=\"https:\/\/dsalt.ciencias.ubiobio.cl\/wp-content\/uploads\/2025\/06\/IMG_3613-scaled.jpg\" class=\"attachment-full size-full wp-image-305\" alt=\"\" srcset=\"https:\/\/dsalt.ciencias.ubiobio.cl\/wp-content\/uploads\/2025\/06\/IMG_3613-scaled.jpg 2560w, https:\/\/dsalt.ciencias.ubiobio.cl\/wp-content\/uploads\/2025\/06\/IMG_3613-300x200.jpg 300w, https:\/\/dsalt.ciencias.ubiobio.cl\/wp-content\/uploads\/2025\/06\/IMG_3613-1024x683.jpg 1024w, https:\/\/dsalt.ciencias.ubiobio.cl\/wp-content\/uploads\/2025\/06\/IMG_3613-768x512.jpg 768w, https:\/\/dsalt.ciencias.ubiobio.cl\/wp-content\/uploads\/2025\/06\/IMG_3613-1536x1024.jpg 1536w, https:\/\/dsalt.ciencias.ubiobio.cl\/wp-content\/uploads\/2025\/06\/IMG_3613-2048x1365.jpg 2048w\" sizes=\"(max-width: 2560px) 100vw, 2560px\" \/>\n                            <\/div>\n                    <\/div><div class=\"eael-entry-wrapper\"><header class=\"eael-entry-header\"><h6 class=\"eael-entry-title\"><a class=\"eael-grid-post-link\" href=\"https:\/\/dsalt.ciencias.ubiobio.cl\/index.php\/2025\/04\/30\/mas-de-600-escolares-participaron-en-campeonato-escolar-de-matematicas-en-la-ubb\/\" title=\"M\u00e1s de 600 escolares participaron en Campeonato Escolar de Matem\u00e1ticas en la UBB\">M\u00e1s de 600 escolares participaron en Campeonato Escolar de Matem\u00e1ticas en la UBB<\/a><\/h6><\/header><div class=\"eael-entry-content\">\n                                <div class=\"eael-grid-post-excerpt\"><a href=\"https:\/\/dsalt.ciencias.ubiobio.cl\/index.php\/2025\/04\/30\/mas-de-600-escolares-participaron-en-campeonato-escolar-de-matematicas-en-la-ubb\/\" class=\"eael-post-elements-readmore-btn\">Leer m\u00e1s<\/a><\/div>\n                            <\/div><\/div><\/div>\n    <\/div>\n<\/article><article class=\"eael-grid-post eael-post-grid-column\" data-id=\"301\">\n    <div class=\"eael-grid-post-holder\">\n        <div class=\"eael-grid-post-holder-inner\"><div class=\"eael-entry-media\"><div class=\"eael-entry-overlay fade-in\"><i class=\"fas fa-long-arrow-alt-right\" aria-hidden=\"true\"><\/i><a href=\"https:\/\/dsalt.ciencias.ubiobio.cl\/index.php\/2025\/03\/25\/ex-integrante-de-proyecto-anillo-dsalt-realiza-doctorado-en-australia\/\"><\/a><\/div><div class=\"eael-entry-thumbnail eael-image-ratio\">\n                            <img loading=\"lazy\" decoding=\"async\" width=\"2247\" height=\"2560\" src=\"https:\/\/dsalt.ciencias.ubiobio.cl\/wp-content\/uploads\/2025\/06\/02-3-scaled.jpg\" class=\"attachment-full size-full wp-image-302\" alt=\"\" srcset=\"https:\/\/dsalt.ciencias.ubiobio.cl\/wp-content\/uploads\/2025\/06\/02-3-scaled.jpg 2247w, https:\/\/dsalt.ciencias.ubiobio.cl\/wp-content\/uploads\/2025\/06\/02-3-263x300.jpg 263w, https:\/\/dsalt.ciencias.ubiobio.cl\/wp-content\/uploads\/2025\/06\/02-3-899x1024.jpg 899w, https:\/\/dsalt.ciencias.ubiobio.cl\/wp-content\/uploads\/2025\/06\/02-3-768x875.jpg 768w, https:\/\/dsalt.ciencias.ubiobio.cl\/wp-content\/uploads\/2025\/06\/02-3-1348x1536.jpg 1348w, https:\/\/dsalt.ciencias.ubiobio.cl\/wp-content\/uploads\/2025\/06\/02-3-1797x2048.jpg 1797w\" sizes=\"(max-width: 2247px) 100vw, 2247px\" \/>\n                            <\/div>\n                    <\/div><div class=\"eael-entry-wrapper\"><header class=\"eael-entry-header\"><h6 class=\"eael-entry-title\"><a class=\"eael-grid-post-link\" href=\"https:\/\/dsalt.ciencias.ubiobio.cl\/index.php\/2025\/03\/25\/ex-integrante-de-proyecto-anillo-dsalt-realiza-doctorado-en-australia\/\" title=\"Ex integrante de Proyecto Anillo DSALT realiza doctorado en Australia\">Ex integrante de Proyecto Anillo DSALT realiza doctorado en Australia<\/a><\/h6><\/header><div class=\"eael-entry-content\">\n                                <div class=\"eael-grid-post-excerpt\"><a href=\"https:\/\/dsalt.ciencias.ubiobio.cl\/index.php\/2025\/03\/25\/ex-integrante-de-proyecto-anillo-dsalt-realiza-doctorado-en-australia\/\" class=\"eael-post-elements-readmore-btn\">Leer m\u00e1s<\/a><\/div>\n                            <\/div><\/div><\/div>\n    <\/div>\n<\/article><article class=\"eael-grid-post eael-post-grid-column\" data-id=\"298\">\n    <div class=\"eael-grid-post-holder\">\n        <div class=\"eael-grid-post-holder-inner\"><div class=\"eael-entry-media\"><div class=\"eael-entry-overlay fade-in\"><i class=\"fas fa-long-arrow-alt-right\" aria-hidden=\"true\"><\/i><a href=\"https:\/\/dsalt.ciencias.ubiobio.cl\/index.php\/2025\/03\/07\/dra-jessika-camano-ser-un-ejemplo-para-otras-investigadoras-es-una-experiencia-muy-gratificante\/\"><\/a><\/div><div class=\"eael-entry-thumbnail eael-image-ratio\">\n                            <img loading=\"lazy\" decoding=\"async\" width=\"1707\" height=\"2560\" src=\"https:\/\/dsalt.ciencias.ubiobio.cl\/wp-content\/uploads\/2025\/06\/Jessika-Camano-scaled.jpg\" class=\"attachment-full size-full wp-image-299\" alt=\"\" srcset=\"https:\/\/dsalt.ciencias.ubiobio.cl\/wp-content\/uploads\/2025\/06\/Jessika-Camano-scaled.jpg 1707w, https:\/\/dsalt.ciencias.ubiobio.cl\/wp-content\/uploads\/2025\/06\/Jessika-Camano-200x300.jpg 200w, https:\/\/dsalt.ciencias.ubiobio.cl\/wp-content\/uploads\/2025\/06\/Jessika-Camano-683x1024.jpg 683w, https:\/\/dsalt.ciencias.ubiobio.cl\/wp-content\/uploads\/2025\/06\/Jessika-Camano-768x1152.jpg 768w, https:\/\/dsalt.ciencias.ubiobio.cl\/wp-content\/uploads\/2025\/06\/Jessika-Camano-1024x1536.jpg 1024w, https:\/\/dsalt.ciencias.ubiobio.cl\/wp-content\/uploads\/2025\/06\/Jessika-Camano-1365x2048.jpg 1365w\" sizes=\"(max-width: 1707px) 100vw, 1707px\" \/>\n                            <\/div>\n                    <\/div><div class=\"eael-entry-wrapper\"><header class=\"eael-entry-header\"><h6 class=\"eael-entry-title\"><a class=\"eael-grid-post-link\" href=\"https:\/\/dsalt.ciencias.ubiobio.cl\/index.php\/2025\/03\/07\/dra-jessika-camano-ser-un-ejemplo-para-otras-investigadoras-es-una-experiencia-muy-gratificante\/\" title=\"Dra. Jessika Cama\u00f1o: \u201cSer un ejemplo para otras investigadoras es una experiencia muy gratificante\u201d\u00a0\">Dra. Jessika Cama\u00f1o: \u201cSer un ejemplo para otras investigadoras es una experiencia muy gratificante\u201d\u00a0<\/a><\/h6><\/header><div class=\"eael-entry-content\">\n                                <div class=\"eael-grid-post-excerpt\"><a href=\"https:\/\/dsalt.ciencias.ubiobio.cl\/index.php\/2025\/03\/07\/dra-jessika-camano-ser-un-ejemplo-para-otras-investigadoras-es-una-experiencia-muy-gratificante\/\" class=\"eael-post-elements-readmore-btn\">Leer m\u00e1s<\/a><\/div>\n                            <\/div><\/div><\/div>\n    <\/div>\n<\/article><article class=\"eael-grid-post eael-post-grid-column\" data-id=\"295\">\n    <div class=\"eael-grid-post-holder\">\n        <div class=\"eael-grid-post-holder-inner\"><div class=\"eael-entry-media\"><div class=\"eael-entry-overlay fade-in\"><i class=\"fas fa-long-arrow-alt-right\" aria-hidden=\"true\"><\/i><a href=\"https:\/\/dsalt.ciencias.ubiobio.cl\/index.php\/2025\/01\/24\/tres-investigadores-de-dsalt-obtuvieron-calidad-de-profesor-titular\/\"><\/a><\/div><div class=\"eael-entry-thumbnail eael-image-ratio\">\n                            <img loading=\"lazy\" decoding=\"async\" width=\"960\" height=\"720\" src=\"https:\/\/dsalt.ciencias.ubiobio.cl\/wp-content\/uploads\/2025\/06\/PORTADA.jpg\" class=\"attachment-full size-full wp-image-296\" alt=\"\" srcset=\"https:\/\/dsalt.ciencias.ubiobio.cl\/wp-content\/uploads\/2025\/06\/PORTADA.jpg 960w, https:\/\/dsalt.ciencias.ubiobio.cl\/wp-content\/uploads\/2025\/06\/PORTADA-300x225.jpg 300w, https:\/\/dsalt.ciencias.ubiobio.cl\/wp-content\/uploads\/2025\/06\/PORTADA-768x576.jpg 768w\" sizes=\"(max-width: 960px) 100vw, 960px\" \/>\n                            <\/div>\n                    <\/div><div class=\"eael-entry-wrapper\"><header class=\"eael-entry-header\"><h6 class=\"eael-entry-title\"><a class=\"eael-grid-post-link\" href=\"https:\/\/dsalt.ciencias.ubiobio.cl\/index.php\/2025\/01\/24\/tres-investigadores-de-dsalt-obtuvieron-calidad-de-profesor-titular\/\" title=\"Tres investigadores de DSALT obtuvieron calidad de Profesor Titular\">Tres investigadores de DSALT obtuvieron calidad de Profesor Titular<\/a><\/h6><\/header><div class=\"eael-entry-content\">\n                                <div class=\"eael-grid-post-excerpt\"><a href=\"https:\/\/dsalt.ciencias.ubiobio.cl\/index.php\/2025\/01\/24\/tres-investigadores-de-dsalt-obtuvieron-calidad-de-profesor-titular\/\" class=\"eael-post-elements-readmore-btn\">Leer m\u00e1s<\/a><\/div>\n                            <\/div><\/div><\/div>\n    <\/div>\n<\/article><\/div>\n            <div class=\"clearfix\"><\/div>\n        <\/div>            <div class=\"eael-load-more-button-wrap eael-infinity-scroll\" data-offset=\"-200\">\n                <button class=\"eael-load-more-button\" id=\"eael-load-more-btn-9270565\" data-widget-id=\"9270565\" data-widget=\"9270565\" data-page-id=\"159\" data-template=\"{&quot;dir&quot;:&quot;lite&quot;,&quot;file_name&quot;:&quot;two.php&quot;,&quot;name&quot;:&quot;Post-Grid&quot;}\" data-class=\"Essential_Addons_Elementor\\Elements\\Post_Grid\" data-layout=\"grid\" data-page=\"1\" data-args=\"orderby=date&amp;order=desc&amp;ignore_sticky_posts=1&amp;post_status=publish&amp;posts_per_page=6&amp;offset=0&amp;post_type=post&amp;tax_query%5B0%5D%5Btaxonomy%5D=category&amp;tax_query%5B0%5D%5Bfield%5D=term_id&amp;tax_query%5B0%5D%5Bterms%5D%5B0%5D=7&amp;tax_query%5Brelation%5D=AND\" data-max-page=\"7\">\n                    <span class=\"eael-btn-loader button__loader\"><\/span>\n                    <span class=\"eael_load_more_text\">Cargar m\u00e1s<\/span>\n                <\/button>\n            <\/div>\n            \t\t\t\t<\/div>\n\t\t\t\t<\/div>\n\t\t\t\t\t<\/div>\n\t\t\t\t<\/div>\n\t\t\t\t<\/div>\n\t\t","protected":false},"excerpt":{"rendered":"<p>NOTICIAS M\u00e1s de 600 escolares participaron en Campeonato Escolar de Matem\u00e1ticas en la UBB Leer m\u00e1s Ex integrante de Proyecto [&hellip;]<\/p>\n","protected":false},"author":1,"featured_media":0,"parent":0,"menu_order":0,"comment_status":"closed","ping_status":"closed","template":"","meta":{"_eb_attr":"","_uag_custom_page_level_css":"","site-sidebar-layout":"no-sidebar","site-content-layout":"","ast-site-content-layout":"full-width-container","site-content-style":"default","site-sidebar-style":"default","ast-global-header-display":"","ast-banner-title-visibility":"","ast-main-header-display":"","ast-hfb-above-header-display":"","ast-hfb-below-header-display":"","ast-hfb-mobile-header-display":"","site-post-title":"disabled","ast-breadcrumbs-content":"","ast-featured-img":"disabled","footer-sml-layout":"","theme-transparent-header-meta":"","adv-header-id-meta":"","stick-header-meta":"","header-above-stick-meta":"","header-main-stick-meta":"","header-below-stick-meta":"","astra-migrate-meta-layouts":"default","ast-page-background-enabled":"default","ast-page-background-meta":{"desktop":{"background-color":"var(--ast-global-color-5)","background-image":"","background-repeat":"repeat","background-position":"center center","background-size":"auto","background-attachment":"scroll","background-type":"","background-media":"","overlay-type":"","overlay-color":"","overlay-opacity":"","overlay-gradient":""},"tablet":{"background-color":"","background-image":"","background-repeat":"repeat","background-position":"center center","background-size":"auto","background-attachment":"scroll","background-type":"","background-media":"","overlay-type":"","overlay-color":"","overlay-opacity":"","overlay-gradient":""},"mobile":{"background-color":"","background-image":"","background-repeat":"repeat","background-position":"center center","background-size":"auto","background-attachment":"scroll","background-type":"","background-media":"","overlay-type":"","overlay-color":"","overlay-opacity":"","overlay-gradient":""}},"ast-content-background-meta":{"desktop":{"background-color":"var(--ast-global-color-4)","background-image":"","background-repeat":"repeat","background-position":"center center","background-size":"auto","background-attachment":"scroll","background-type":"","background-media":"","overlay-type":"","overlay-color":"","overlay-opacity":"","overlay-gradient":""},"tablet":{"background-color":"var(--ast-global-color-4)","background-image":"","background-repeat":"repeat","background-position":"center center","background-size":"auto","background-attachment":"scroll","background-type":"","background-media":"","overlay-type":"","overlay-color":"","overlay-opacity":"","overlay-gradient":""},"mobile":{"background-color":"var(--ast-global-color-4)","background-image":"","background-repeat":"repeat","background-position":"center center","background-size":"auto","background-attachment":"scroll","background-type":"","background-media":"","overlay-type":"","overlay-color":"","overlay-opacity":"","overlay-gradient":""}},"footnotes":""},"class_list":["post-159","page","type-page","status-publish","hentry"],"uagb_featured_image_src":{"full":false,"thumbnail":false,"medium":false,"medium_large":false,"large":false,"1536x1536":false,"2048x2048":false},"uagb_author_info":{"display_name":"dsalt","author_link":"https:\/\/dsalt.ciencias.ubiobio.cl\/index.php\/author\/dsalt\/"},"uagb_comment_info":0,"uagb_excerpt":"NOTICIAS M\u00e1s de 600 escolares participaron en Campeonato Escolar de Matem\u00e1ticas en la UBB Leer m\u00e1s Ex integrante de Proyecto [&hellip;]","_links":{"self":[{"href":"https:\/\/dsalt.ciencias.ubiobio.cl\/index.php\/wp-json\/wp\/v2\/pages\/159","targetHints":{"allow":["GET"]}}],"collection":[{"href":"https:\/\/dsalt.ciencias.ubiobio.cl\/index.php\/wp-json\/wp\/v2\/pages"}],"about":[{"href":"https:\/\/dsalt.ciencias.ubiobio.cl\/index.php\/wp-json\/wp\/v2\/types\/page"}],"author":[{"embeddable":true,"href":"https:\/\/dsalt.ciencias.ubiobio.cl\/index.php\/wp-json\/wp\/v2\/users\/1"}],"replies":[{"embeddable":true,"href":"https:\/\/dsalt.ciencias.ubiobio.cl\/index.php\/wp-json\/wp\/v2\/comments?post=159"}],"version-history":[{"count":34,"href":"https:\/\/dsalt.ciencias.ubiobio.cl\/index.php\/wp-json\/wp\/v2\/pages\/159\/revisions"}],"predecessor-version":[{"id":341,"href":"https:\/\/dsalt.ciencias.ubiobio.cl\/index.php\/wp-json\/wp\/v2\/pages\/159\/revisions\/341"}],"wp:attachment":[{"href":"https:\/\/dsalt.ciencias.ubiobio.cl\/index.php\/wp-json\/wp\/v2\/media?parent=159"}],"curies":[{"name":"wp","href":"https:\/\/api.w.org\/{rel}","templated":true}]}}